{"id":826,"date":"2025-09-24T10:41:34","date_gmt":"2025-09-24T10:41:34","guid":{"rendered":"https:\/\/benoitmahe.com\/cookies-policy\/"},"modified":"2025-09-24T10:59:33","modified_gmt":"2025-09-24T10:59:33","slug":"charte-cookies","status":"publish","type":"page","link":"https:\/\/benoitmahe.com\/fr\/charte-cookies\/","title":{"rendered":"Charte sur les Cookies"},"content":{"rendered":"<div class=\"wpb-content-wrapper\"><p>[vc_row][vc_column][vc_empty_space height=\u00a0\u00bb62px\u00a0\u00bb][vc_column_text css=\u00a0\u00bb\u00a0\u00bb el_class=\u00a0\u00bbtext-white\u00a0\u00bb]<\/p>\r\n<h1 style=\"text-align: center;\"><span style=\"color: #000000;\">Charte sur les Cookies<\/span><\/h1>\r\n<p>[\/vc_column_text][\/vc_column][\/vc_row][vc_row][vc_column][vc_column_text css=\u00a0\u00bb\u00a0\u00bb]<\/p>\r\n<h3>1. Qu\u2019est-ce qu\u2019un cookie\u00a0?<\/h3>\r\n<p>Le Site de\u00a0<strong>CAPKELENN S.L.\u00a0<\/strong>(ci-apr\u00e8s d\u00e9nomm\u00e9e le Site) utilise des cookies. Les cookies sont des fichiers envoy\u00e9s \u00e0 un navigateur via un serveur web afin d\u2019enregistrer les activit\u00e9s de l\u2019Utilisateur sur un site web en particulier. Le but premier des cookies et d\u2019offrir \u00e0 l\u2019utilisateur un acc\u00e8s plus rapide aux services s\u00e9lectionn\u00e9s. De plus, les cookies personnalisent les services offerts par le Site, fournissent et offrent \u00e0 chaque utilisateur des renseignements sur ses int\u00e9r\u00eats ou ce qui peut l\u2019int\u00e9resser en fonction de l\u2019utilisation qu\u2019il fait de ces services.<\/p>\r\n<p>Le Site utilise des cookies afin de personnaliser et de simplifier au maximum la navigation de l\u2019utilisateur. Les cookies sont associ\u00e9s uniquement \u00e0 un utilisateur anonyme et \u00e0 son ordinateur et ne fournissent pas de r\u00e9f\u00e9rences qui permettraient d\u2019obtenir des informations personnelles sur celui-ci. L\u2019utilisateur pourra configurer son navigateur pour qu\u2019il le pr\u00e9vienne et refuse l\u2019installation des cookies envoy\u00e9s par le Site sans que cela ne nuise \u00e0 l\u2019acc\u00e8s aux contenus du Site. Cependant, il est \u00e0 noter que, dans tous les cas, la qualit\u00e9 de fonctionnement de la page peut diminuer.<\/p>\r\n<p>Les utilisateurs inscrits, ou qui ont se seront identifi\u00e9s, pourront b\u00e9n\u00e9ficier de services personnalis\u00e9s et orient\u00e9s en fonction de leur profil, gr\u00e2ce \u00e0 la combinaison des donn\u00e9es enregistr\u00e9es et des cookies comprenant les informations personnelles utilis\u00e9es au moment de leur inscription. Ces utilisateurs autorisent manifestement l\u2019utilisation de ces informations dans le but indiqu\u00e9, sans que cela ne nuise \u00e0 leur droit de refuser ou de d\u00e9sactiver l\u2019utilisation de cookies.<\/p>\r\n<p>De m\u00eame, le Site pourra conna\u00eetre tous les services sollicit\u00e9s par les utilisateurs, afin de fournir ou d\u2019offrir une information appropri\u00e9e selon les go\u00fbts et les pr\u00e9f\u00e9rences de chaque utilisateur.<\/p>\r\n<h3>2. Quels sont les diff\u00e9rents cookies existants\u00a0?<\/h3>\r\n<p>&nbsp;<\/p>\r\n<p>En fonction de leur\u00a0<strong>dur\u00e9e<\/strong>, les cookies peuvent \u00eatre class\u00e9s de la fa\u00e7on suivante\u00a0:<\/p>\r\n<p><strong>Cookies de session<\/strong>\u00a0: ils expirent lorsque l\u2019utilisateur ferme le navigateur.<\/p>\r\n<p>&nbsp;<\/p>\r\n<p><strong>Cookies persistantes<\/strong>\u00a0: ils expirent lorsqu\u2019ils ont accompli leur objectif (par exemple, que l\u2019utilisateur reste identifi\u00e9 sur les Services) ou lorsqu\u2019ils sont \u00e9limin\u00e9s manuellement.<\/p>\r\n<p>De plus, en fonction de leur\u00a0<strong>objectif<\/strong>, les cookies peuvent \u00eatre classifi\u00e9s comme suit\u00a0:<\/p>\r\n<p>&nbsp;<\/p>\r\n<p><strong><em>Cookies\u00a0<\/em><\/strong><strong>de fonctionnalit\u00e9 :<\/strong>\u00a0ce type de cookie se souvient de vos pr\u00e9f\u00e9rences en rapport avec les outils qui se trouvent sur les services, vous n\u2019aurez donc pas \u00e0 configurer le service chaque fois que vous le visiterez. Par exemple, on peut inclure dans cette cat\u00e9gorie\u00a0:<\/p>\r\n<p>\u2013 Les r\u00e9glages du volume des reproducteurs de son ou de vid\u00e9o.<\/p>\r\n<p>\u2013 La vitesse de transmission de vid\u00e9o compatible avec votre navigateur.<\/p>\r\n<p>&nbsp;<\/p>\r\n<p><strong><em>Cookies\u00a0<\/em><\/strong><strong>de g\u00e9olocalisation\u00a0<em>:<\/em><\/strong>\u00a0ces cookies servent \u00e0 v\u00e9rifier dans quel pays vous vous trouvez au moment de demander un service. Ce cookie est totalement anonyme et ne s\u2019utilise que dans le but d\u2019orienter le contenu en fonction de votre localisation.<\/p>\r\n<p>&nbsp;<\/p>\r\n<p><strong><em>Cookies\u00a0<\/em><\/strong><strong>de trafic :<\/strong>\u00a0les cookies de trafic sont g\u00e9n\u00e9r\u00e9s lorsque l\u2019utilisateur s\u2019est inscrit ou s\u2019est identifi\u00e9, et ils servent \u00e0 le reconna\u00eetre sur les services dans les buts suivants\u00a0:<\/p>\r\n<p>\u2013 Garder la session de l\u2019utilisateur ouverte de telle mani\u00e8re que, s\u2019il ferme un service, le navigateur, ou \u00e9teint l\u2019ordinateur et revient plus tard sur ce service, il restera identifi\u00e9 ce qui facilitera sa navigation et lui \u00e9vitera de s\u2019identifier \u00e0 nouveau. Cette fonction peut \u00eatre supprim\u00e9e si l\u2019utilisateur s\u00e9lectionne la fonction \u00ab\u00a0fermer la session\u00a0\u00bb. Le cookie sera alors \u00e9limin\u00e9 et la prochaine fois qu\u2019il acc\u00e8dera au service, il devra alors ouvrir la session pour \u00eatre identifi\u00e9.<\/p>\r\n<p>\u2013 V\u00e9rifier que l\u2019utilisateur est autoris\u00e9 \u00e0 acc\u00e9der \u00e0 un service, par exemple \u00e0 participer \u00e0 un concours.<\/p>\r\n<p>&nbsp;<\/p>\r\n<p><strong><em>Cookies\u00a0<\/em><\/strong><strong>d\u2019analyse :<\/strong>\u00a0chaque fois qu\u2019un utilisateur visite un service, un outil d\u2019un fournisseur externe g\u00e9n\u00e8re un cookie d\u2019analyse dans son ordinateur. Ce cookie qui n\u2019est cr\u00e9\u00e9 que lors de la visite, permettra aux services du Site d\u2019identifier le visiteur de fa\u00e7on anonyme lors des prochaines visites. Les principaux objectifs de ces cookies sont les suivants\u00a0:<\/p>\r\n<p>\u2013 Permettre l\u2019identification anonyme des utilisateurs gr\u00e2ce au cookie (qui identifie les navigateurs et les dispositifs mais pas les personnes) et donc la comptabilisation approximative du nombre de visiteurs ainsi que leur tendance dans la dur\u00e9e.<\/p>\r\n<p>\u2013 Identifier de fa\u00e7on anonyme les contenus les plus visit\u00e9s et donc les plus attrayants pour les utilisateurs.<\/p>\r\n<p>\u2013 Savoir si l\u2019utilisateur est r\u00e9current.<\/p>\r\n<p>\u2013 Important\u00a0: \u00e0 moins que l\u2019utilisateur n\u2019ait d\u00e9cid\u00e9 de s\u2019inscrire sur un service du Site, le cookie ne sera associ\u00e9 \u00e0 aucune donn\u00e9e personnelle qui pourrait l\u2019identifier. Ces\u00a0cookies ne serviront qu\u2019\u00e0 des fins statistiques qui permettront d\u2019optimiser l\u2019exp\u00e9rience des utilisateurs sur le Site.<\/p>\r\n<p>&nbsp;<\/p>\r\n<p><strong><em>Cookies\u00a0<\/em><\/strong><strong>de publicit\u00e9 comportementale\u00a0<\/strong>: ce type de cookies permet d\u2019\u00e9largir l\u2019information des publicit\u00e9s pr\u00e9sent\u00e9es \u00e0 chaque utilisateur anonyme sur les services du Site. Entre autres informations sont stock\u00e9es la dur\u00e9e et la fr\u00e9quence de visionnage des positions publicitaires, l\u2019interaction avec celles-ci, ou les patrons de navigation et\/ou de partage de l\u2019utilisateur car elles permettront d\u2019\u00e9tablir un profil d\u2019int\u00e9r\u00eat publicitaire. Elles peuvent ainsi proposer une publicit\u00e9 en fonction des int\u00e9r\u00eats de l\u2019utilisateur.<\/p>\r\n<p>&nbsp;<\/p>\r\n<p><strong><em>Cookies<\/em><\/strong><strong>\u00a0publicitaires de tiers :<\/strong>\u00a0en plus de la publicit\u00e9 g\u00e9r\u00e9e par le Site sur ses services, le Site offre aux publicitaires la possibilit\u00e9 de pr\u00e9senter leurs annonces via des tiers (\u00ab\u00a0AdServers\u00a0\u00bb). De cette fa\u00e7on, ces tiers peuvent stocker des cookies envoy\u00e9s par les services du Site provenant des navigateurs des utilisateurs, ainsi qu\u2019acc\u00e9der aux donn\u00e9es qui y sont enregistr\u00e9es.<\/p>\r\n<p>\u2013 Weborama:\u00a0<a href=\"https:\/\/web.archive.org\/web\/20250317115436\/http:\/\/www.weborama.com\/e-privacy\/our-commitment\/\">http:\/\/www.weborama.com\/e-privacy\/our-commitment\/<\/a><\/p>\r\n<h3>3. Quels cookies utilisons-nous\u00a0?<\/h3>\r\n<p>Les cookies que nous utilisons sur notre site sont les suivants\u00a0:<\/p>\r\n<p><strong>\u00a0<\/strong><strong>Internes :<\/strong>\u00a0ce sont ceux qui sont envoy\u00e9s au terminal de l\u2019utilisateur \u00e0 partir d\u2019un terminal ou d\u2019un domaine g\u00e9r\u00e9 par l\u2019\u00e9diteur lui-m\u00eame et \u00e0 partir duquel le service sollicit\u00e9 par l\u2019utilisateur est fourni.<\/p>\r\n<p>\u2013 Cookies de sesi\u00f3n<\/p>\r\n<h3>4. Comment d\u00e9sactiver les cookies ?<\/h3>\r\n<p>Il est normalement possible de ne pas accepter les cookies du navigateur, ou de ne pas accepter les cookies d\u2019un service en particulier.<\/p>\r\n<p>Tous les navigateurs modernes permettent de modifier la configuration des cookies. Ces r\u00e9glages se trouvent normalement parmi les \u00ab\u00a0param\u00e8tres\u00a0\u00bb ou les \u00ab\u00a0pr\u00e9f\u00e9rences\u00a0\u00bb du menu de votre navigateur. Vous pouvez aussi configurer votre navigateur ou votre service de messagerie \u00e9lectronique, ou installer des compl\u00e9ments gratuits qui \u00e9viteront que des Web Bugs se t\u00e9l\u00e9chargent lorsque vous ouvrez un mail.<\/p>\r\n<p>Le Site propose une aide \u00e0 l\u2019utilisateur sur les \u00e9tapes \u00e0 suivre pour acc\u00e9der au menu de configuration des cookies et de navigation priv\u00e9e sur les principaux navigateurs\u00a0:<\/p>\r\n<p>\u2013 Internet Explorer : Outils \u2013 &gt; Options internet \u2013 &gt; S\u00e9curit\u00e9 \u2013 &gt;\u00a0 Param\u00e8tres.<\/p>\r\n<p>\u2013 Pour plus d\u2019informations, vous pouvez consulter le support de Microsoft ou l\u2019Aide du navigateur.<\/p>\r\n<p>\u2013 Firefox : Outils \u2013 &gt; Options \u2013 &gt; Vie priv\u00e9e et s\u00e9curit\u00e9 \u2013 &gt; Historique \u2013 &gt; Param\u00e8tres personnalis\u00e9s.<\/p>\r\n<p>\u2013 Chrome : Param\u00e8tres \u2013 &gt; Avanc\u00e9s \u2013 &gt; Confidentialit\u00e9 et s\u00e9curit\u00e9 \u2013 &gt; Param\u00e8tres du contenu.<\/p>\r\n<p>\u2013 Safari : Pr\u00e9f\u00e9rences \u2013 &gt; Confidentialit\u00e9.<\/p>\r\n<p>\u2013 Pour plus d\u2019informations, vous pouvez consulter le support d\u2019Apple ou l\u2019Aide du navigateur.<\/p>\r\n<p>&nbsp;<\/p>\r\n<h3>5. Peut-il y avoir des modifications de la Charte sur les Cookies\u00a0?<\/h3>\r\n<p>Le Site peut modifier cette Charte sur les Cookies en fonction des exigences l\u00e9gales, r\u00e9glementaires, ou dans le but d\u2019adapter cette charte aux instructions donn\u00e9es par l\u2019Agence Espagnole pour la Protection des Donn\u00e9es, c\u2019est pourquoi il est conseill\u00e9 de la visiter r\u00e9guli\u00e8rement.<\/p>\r\n<p>Si des changement significatifs venaient \u00e0 se produire dans cette Charte sur les Cookies, ils seront communiqu\u00e9s aux utilisateurs sur le site lui-m\u00eame ou bien via courrier \u00e9lectronique aux utilisateurs inscrits.<\/p>\r\n<p>&nbsp;<\/p>\r\n\r\n<p>&nbsp;<\/p>\r\n<p>[\/vc_column_text][\/vc_column][\/vc_row]<\/p><!-- \/wp:post-content --><\/div>","protected":false},"excerpt":{"rendered":"<p>[vc_row][vc_column][vc_empty_space height=\u00a0\u00bb62px\u00a0\u00bb][vc_column_text css=\u00a0\u00bb\u00a0\u00bb el_class=\u00a0\u00bbtext-white\u00a0\u00bb] Charte sur les Cookies [\/vc_column_text][\/vc_column][\/vc_row][vc_row][vc_column][vc_column_text css=\u00a0\u00bb\u00a0\u00bb] 1. Qu\u2019est-ce qu\u2019un cookie\u00a0? Le Site de\u00a0CAPKELENN S.L.\u00a0(ci-apr\u00e8s d\u00e9nomm\u00e9e le Site) utilise des cookies. Les cookies sont des fichiers envoy\u00e9s \u00e0 un navigateur via un serveur web afin d\u2019enregistrer les activit\u00e9s de l\u2019Utilisateur sur un site web en particulier. Le but premier des cookies et [&hellip;]<\/p>\n","protected":false},"author":1,"featured_media":0,"parent":0,"menu_order":0,"comment_status":"closed","ping_status":"closed","template":"","meta":{"_acf_changed":false,"inline_featured_image":false,"footnotes":""},"class_list":["post-826","page","type-page","status-publish","hentry"],"acf":[],"yoast_head":"<!-- This site is optimized with the Yoast SEO plugin v25.9 - https:\/\/yoast.com\/wordpress\/plugins\/seo\/ -->\n<title>Charte sur les Cookies - Benoit Mah\u00e9<\/title>\n<meta name=\"robots\" content=\"index, follow, max-snippet:-1, max-image-preview:large, max-video-preview:-1\" \/>\n<link rel=\"canonical\" href=\"https:\/\/benoitmahe.com\/fr\/charte-cookies\/\" \/>\n<meta property=\"og:locale\" content=\"fr_FR\" \/>\n<meta property=\"og:type\" content=\"article\" \/>\n<meta property=\"og:title\" content=\"Charte sur les Cookies - Benoit Mah\u00e9\" \/>\n<meta property=\"og:description\" content=\"[vc_row][vc_column][vc_empty_space height=\u00a0\u00bb62px\u00a0\u00bb][vc_column_text css=\u00a0\u00bb\u00a0\u00bb el_class=\u00a0\u00bbtext-white\u00a0\u00bb] Charte sur les Cookies [\/vc_column_text][\/vc_column][\/vc_row][vc_row][vc_column][vc_column_text css=\u00a0\u00bb\u00a0\u00bb] 1. Qu\u2019est-ce qu\u2019un cookie\u00a0? Le Site de\u00a0CAPKELENN S.L.\u00a0(ci-apr\u00e8s d\u00e9nomm\u00e9e le Site) utilise des cookies. Les cookies sont des fichiers envoy\u00e9s \u00e0 un navigateur via un serveur web afin d\u2019enregistrer les activit\u00e9s de l\u2019Utilisateur sur un site web en particulier. Le but premier des cookies et [&hellip;]\" \/>\n<meta property=\"og:url\" content=\"https:\/\/benoitmahe.com\/fr\/charte-cookies\/\" \/>\n<meta property=\"og:site_name\" content=\"Benoit Mah\u00e9\" \/>\n<meta property=\"article:modified_time\" content=\"2025-09-24T10:59:33+00:00\" \/>\n<meta name=\"twitter:card\" content=\"summary_large_image\" \/>\n<meta name=\"twitter:label1\" content=\"Dur\u00e9e de lecture estim\u00e9e\" \/>\n\t<meta name=\"twitter:data1\" content=\"6 minutes\" \/>\n<script type=\"application\/ld+json\" class=\"yoast-schema-graph\">{\"@context\":\"https:\/\/schema.org\",\"@graph\":[{\"@type\":\"WebPage\",\"@id\":\"https:\/\/benoitmahe.com\/fr\/charte-cookies\/\",\"url\":\"https:\/\/benoitmahe.com\/fr\/charte-cookies\/\",\"name\":\"Charte sur les Cookies - Benoit Mah\u00e9\",\"isPartOf\":{\"@id\":\"https:\/\/benoitmahe.com\/#website\"},\"datePublished\":\"2025-09-24T10:41:34+00:00\",\"dateModified\":\"2025-09-24T10:59:33+00:00\",\"breadcrumb\":{\"@id\":\"https:\/\/benoitmahe.com\/fr\/charte-cookies\/#breadcrumb\"},\"inLanguage\":\"fr-FR\",\"potentialAction\":[{\"@type\":\"ReadAction\",\"target\":[\"https:\/\/benoitmahe.com\/fr\/charte-cookies\/\"]}]},{\"@type\":\"BreadcrumbList\",\"@id\":\"https:\/\/benoitmahe.com\/fr\/charte-cookies\/#breadcrumb\",\"itemListElement\":[{\"@type\":\"ListItem\",\"position\":1,\"name\":\"Home\",\"item\":\"https:\/\/benoitmahe.com\/es\/\"},{\"@type\":\"ListItem\",\"position\":2,\"name\":\"Charte sur les Cookies\"}]},{\"@type\":\"WebSite\",\"@id\":\"https:\/\/benoitmahe.com\/#website\",\"url\":\"https:\/\/benoitmahe.com\/\",\"name\":\"Benoit Mah\u00e9\",\"description\":\"\",\"publisher\":{\"@id\":\"https:\/\/benoitmahe.com\/#organization\"},\"potentialAction\":[{\"@type\":\"SearchAction\",\"target\":{\"@type\":\"EntryPoint\",\"urlTemplate\":\"https:\/\/benoitmahe.com\/?s={search_term_string}\"},\"query-input\":{\"@type\":\"PropertyValueSpecification\",\"valueRequired\":true,\"valueName\":\"search_term_string\"}}],\"inLanguage\":\"fr-FR\"},{\"@type\":\"Organization\",\"@id\":\"https:\/\/benoitmahe.com\/#organization\",\"name\":\"Benoit Mah\u00e9\",\"url\":\"https:\/\/benoitmahe.com\/\",\"logo\":{\"@type\":\"ImageObject\",\"inLanguage\":\"fr-FR\",\"@id\":\"https:\/\/benoitmahe.com\/#\/schema\/logo\/image\/\",\"url\":\"https:\/\/benoitmahe.com\/wp-content\/uploads\/2025\/06\/benoitmahe-logo.svg\",\"contentUrl\":\"https:\/\/benoitmahe.com\/wp-content\/uploads\/2025\/06\/benoitmahe-logo.svg\",\"width\":185,\"height\":37,\"caption\":\"Benoit Mah\u00e9\"},\"image\":{\"@id\":\"https:\/\/benoitmahe.com\/#\/schema\/logo\/image\/\"}}]}<\/script>\n<!-- \/ Yoast SEO plugin. -->","yoast_head_json":{"title":"Charte sur les Cookies - Benoit Mah\u00e9","robots":{"index":"index","follow":"follow","max-snippet":"max-snippet:-1","max-image-preview":"max-image-preview:large","max-video-preview":"max-video-preview:-1"},"canonical":"https:\/\/benoitmahe.com\/fr\/charte-cookies\/","og_locale":"fr_FR","og_type":"article","og_title":"Charte sur les Cookies - Benoit Mah\u00e9","og_description":"[vc_row][vc_column][vc_empty_space height=\u00a0\u00bb62px\u00a0\u00bb][vc_column_text css=\u00a0\u00bb\u00a0\u00bb el_class=\u00a0\u00bbtext-white\u00a0\u00bb] Charte sur les Cookies [\/vc_column_text][\/vc_column][\/vc_row][vc_row][vc_column][vc_column_text css=\u00a0\u00bb\u00a0\u00bb] 1. Qu\u2019est-ce qu\u2019un cookie\u00a0? Le Site de\u00a0CAPKELENN S.L.\u00a0(ci-apr\u00e8s d\u00e9nomm\u00e9e le Site) utilise des cookies. Les cookies sont des fichiers envoy\u00e9s \u00e0 un navigateur via un serveur web afin d\u2019enregistrer les activit\u00e9s de l\u2019Utilisateur sur un site web en particulier. Le but premier des cookies et [&hellip;]","og_url":"https:\/\/benoitmahe.com\/fr\/charte-cookies\/","og_site_name":"Benoit Mah\u00e9","article_modified_time":"2025-09-24T10:59:33+00:00","twitter_card":"summary_large_image","twitter_misc":{"Dur\u00e9e de lecture estim\u00e9e":"6 minutes"},"schema":{"@context":"https:\/\/schema.org","@graph":[{"@type":"WebPage","@id":"https:\/\/benoitmahe.com\/fr\/charte-cookies\/","url":"https:\/\/benoitmahe.com\/fr\/charte-cookies\/","name":"Charte sur les Cookies - Benoit Mah\u00e9","isPartOf":{"@id":"https:\/\/benoitmahe.com\/#website"},"datePublished":"2025-09-24T10:41:34+00:00","dateModified":"2025-09-24T10:59:33+00:00","breadcrumb":{"@id":"https:\/\/benoitmahe.com\/fr\/charte-cookies\/#breadcrumb"},"inLanguage":"fr-FR","potentialAction":[{"@type":"ReadAction","target":["https:\/\/benoitmahe.com\/fr\/charte-cookies\/"]}]},{"@type":"BreadcrumbList","@id":"https:\/\/benoitmahe.com\/fr\/charte-cookies\/#breadcrumb","itemListElement":[{"@type":"ListItem","position":1,"name":"Home","item":"https:\/\/benoitmahe.com\/es\/"},{"@type":"ListItem","position":2,"name":"Charte sur les Cookies"}]},{"@type":"WebSite","@id":"https:\/\/benoitmahe.com\/#website","url":"https:\/\/benoitmahe.com\/","name":"Benoit Mah\u00e9","description":"","publisher":{"@id":"https:\/\/benoitmahe.com\/#organization"},"potentialAction":[{"@type":"SearchAction","target":{"@type":"EntryPoint","urlTemplate":"https:\/\/benoitmahe.com\/?s={search_term_string}"},"query-input":{"@type":"PropertyValueSpecification","valueRequired":true,"valueName":"search_term_string"}}],"inLanguage":"fr-FR"},{"@type":"Organization","@id":"https:\/\/benoitmahe.com\/#organization","name":"Benoit Mah\u00e9","url":"https:\/\/benoitmahe.com\/","logo":{"@type":"ImageObject","inLanguage":"fr-FR","@id":"https:\/\/benoitmahe.com\/#\/schema\/logo\/image\/","url":"https:\/\/benoitmahe.com\/wp-content\/uploads\/2025\/06\/benoitmahe-logo.svg","contentUrl":"https:\/\/benoitmahe.com\/wp-content\/uploads\/2025\/06\/benoitmahe-logo.svg","width":185,"height":37,"caption":"Benoit Mah\u00e9"},"image":{"@id":"https:\/\/benoitmahe.com\/#\/schema\/logo\/image\/"}}]}},"_links":{"self":[{"href":"https:\/\/benoitmahe.com\/fr\/wp-json\/wp\/v2\/pages\/826","targetHints":{"allow":["GET"]}}],"collection":[{"href":"https:\/\/benoitmahe.com\/fr\/wp-json\/wp\/v2\/pages"}],"about":[{"href":"https:\/\/benoitmahe.com\/fr\/wp-json\/wp\/v2\/types\/page"}],"author":[{"embeddable":true,"href":"https:\/\/benoitmahe.com\/fr\/wp-json\/wp\/v2\/users\/1"}],"replies":[{"embeddable":true,"href":"https:\/\/benoitmahe.com\/fr\/wp-json\/wp\/v2\/comments?post=826"}],"version-history":[{"count":2,"href":"https:\/\/benoitmahe.com\/fr\/wp-json\/wp\/v2\/pages\/826\/revisions"}],"predecessor-version":[{"id":828,"href":"https:\/\/benoitmahe.com\/fr\/wp-json\/wp\/v2\/pages\/826\/revisions\/828"}],"wp:attachment":[{"href":"https:\/\/benoitmahe.com\/fr\/wp-json\/wp\/v2\/media?parent=826"}],"curies":[{"name":"wp","href":"https:\/\/api.w.org\/{rel}","templated":true}]}}