{"id":717,"date":"2025-06-29T16:49:47","date_gmt":"2025-06-29T16:49:47","guid":{"rendered":"https:\/\/icidigital.eu\/benoit-mahe\/aviso-legal\/"},"modified":"2025-09-10T12:01:39","modified_gmt":"2025-09-10T12:01:39","slug":"avis-legal","status":"publish","type":"page","link":"https:\/\/benoitmahe.com\/fr\/avis-legal\/","title":{"rendered":"Avis L\u00e9gal"},"content":{"rendered":"<div class=\"wpb-content-wrapper\"><p>[vc_section][vc_row row_width=\u00a0\u00bbfullwidth_contained\u00a0\u00bb css=\u00a0\u00bb.vc_custom_1751034400578{background-image: url(http:\/\/benoitmahe.local\/wp-content\/uploads\/2025\/06\/background-contact.jpg?id=122) !important;background-position: center !important;background-repeat: no-repeat !important;background-size: cover !important;}\u00a0\u00bb][vc_column][vc_row_inner][vc_column_inner][vc_empty_space][vc_column_text css=\u00a0\u00bb\u00a0\u00bb el_class=\u00a0\u00bbtext-white\u00a0\u00bb]<\/p>\n<h1 style=\"text-align: center;\"><span style=\"color: #000000;\">Avis L\u00e9gal<\/span><\/h1>\n<p>[\/vc_column_text][vc_empty_space][\/vc_column_inner][\/vc_row_inner][\/vc_column][\/vc_row][\/vc_section][vc_section css=\u00a0\u00bb.vc_custom_1751216200320{margin-top: 50px !important;margin-bottom: 50px !important;}\u00a0\u00bb][vc_row][vc_column][vc_column_text css=\u00a0\u00bb\u00a0\u00bb]RAISON SOCIALE : CAPKELENN S.L.<\/p>\n<p>SIRET : B85770212<\/p>\n<p>DOMICILE SOCIAL : AVENIDA DE LA ESPARTA N\u00ba 40, 28230, LAS ROZAS DE MADRID, MADRID<\/p>\n<p>CONTACT:<\/p>\n<p>\u2013 N\u00ba DE T\u00c9L\u00c9PHONE +34 916316624<\/p>\n<p>-E-mail:\u00a0<a href=\"mailto:info@capkelenn.com\">info@capkelenn.com<\/a><\/p>\n<p>INSCRIPTION AU REGISTRE DU COMMERCE :<\/p>\n<p>-Tome : 27012 d Page<\/p>\n<p>-Livre : de sociedades<\/p>\n<p>-Page : 183<\/p>\n<p>-Feuille :\u00a0m-48667[\/vc_column_text][\/vc_column][\/vc_row][\/vc_section]<\/p>\n<\/div>","protected":false},"excerpt":{"rendered":"<p>[vc_section][vc_row row_width=\u00a0\u00bbfullwidth_contained\u00a0\u00bb css=\u00a0\u00bb.vc_custom_1751034400578{background-image: url(http:\/\/benoitmahe.local\/wp-content\/uploads\/2025\/06\/background-contact.jpg?id=122) !important;background-position: center !important;background-repeat: no-repeat !important;background-size: cover !important;}\u00a0\u00bb][vc_column][vc_row_inner][vc_column_inner][vc_empty_space][vc_column_text css=\u00a0\u00bb\u00a0\u00bb el_class=\u00a0\u00bbtext-white\u00a0\u00bb] Avis L\u00e9gal [\/vc_column_text][vc_empty_space][\/vc_column_inner][\/vc_row_inner][\/vc_column][\/vc_row][\/vc_section][vc_section css=\u00a0\u00bb.vc_custom_1751216200320{margin-top: 50px !important;margin-bottom: 50px !important;}\u00a0\u00bb][vc_row][vc_column][vc_column_text css=\u00a0\u00bb\u00a0\u00bb]RAISON SOCIALE : CAPKELENN S.L. SIRET : B85770212 DOMICILE SOCIAL : AVENIDA DE LA ESPARTA N\u00ba 40, 28230, LAS ROZAS DE MADRID, MADRID CONTACT: \u2013 N\u00ba DE T\u00c9L\u00c9PHONE +34 916316624 -E-mail:\u00a0info@capkelenn.com INSCRIPTION AU REGISTRE [&hellip;]<\/p>\n","protected":false},"author":1,"featured_media":0,"parent":0,"menu_order":0,"comment_status":"closed","ping_status":"closed","template":"","meta":{"_acf_changed":false,"inline_featured_image":false,"footnotes":""},"class_list":["post-717","page","type-page","status-publish","hentry"],"acf":[],"yoast_head":"<!-- This site is optimized with the Yoast SEO plugin v25.9 - https:\/\/yoast.com\/wordpress\/plugins\/seo\/ -->\n<title>Avis L\u00e9gal - Benoit Mah\u00e9<\/title>\n<meta name=\"robots\" content=\"index, follow, max-snippet:-1, max-image-preview:large, max-video-preview:-1\" \/>\n<link rel=\"canonical\" href=\"https:\/\/benoitmahe.com\/legal-notice\/\" \/>\n<meta property=\"og:locale\" content=\"fr_FR\" \/>\n<meta property=\"og:type\" content=\"article\" \/>\n<meta property=\"og:title\" content=\"Avis L\u00e9gal - Benoit Mah\u00e9\" \/>\n<meta property=\"og:description\" content=\"[vc_section][vc_row row_width=\u00a0\u00bbfullwidth_contained\u00a0\u00bb css=\u00a0\u00bb.vc_custom_1751034400578{background-image: url(http:\/\/benoitmahe.local\/wp-content\/uploads\/2025\/06\/background-contact.jpg?id=122) !important;background-position: center !important;background-repeat: no-repeat !important;background-size: cover !important;}\u00a0\u00bb][vc_column][vc_row_inner][vc_column_inner][vc_empty_space][vc_column_text css=\u00a0\u00bb\u00a0\u00bb el_class=\u00a0\u00bbtext-white\u00a0\u00bb] Avis L\u00e9gal [\/vc_column_text][vc_empty_space][\/vc_column_inner][\/vc_row_inner][\/vc_column][\/vc_row][\/vc_section][vc_section css=\u00a0\u00bb.vc_custom_1751216200320{margin-top: 50px !important;margin-bottom: 50px !important;}\u00a0\u00bb][vc_row][vc_column][vc_column_text css=\u00a0\u00bb\u00a0\u00bb]RAISON SOCIALE : CAPKELENN S.L. SIRET : B85770212 DOMICILE SOCIAL : AVENIDA DE LA ESPARTA N\u00ba 40, 28230, LAS ROZAS DE MADRID, MADRID CONTACT: \u2013 N\u00ba DE T\u00c9L\u00c9PHONE +34 916316624 -E-mail:\u00a0info@capkelenn.com INSCRIPTION AU REGISTRE [&hellip;]\" \/>\n<meta property=\"og:url\" content=\"https:\/\/benoitmahe.com\/legal-notice\/\" \/>\n<meta property=\"og:site_name\" content=\"Benoit Mah\u00e9\" \/>\n<meta property=\"article:modified_time\" content=\"2025-09-10T12:01:39+00:00\" \/>\n<meta name=\"twitter:card\" content=\"summary_large_image\" \/>\n<meta name=\"twitter:label1\" content=\"Dur\u00e9e de lecture estim\u00e9e\" \/>\n\t<meta name=\"twitter:data1\" content=\"1 minute\" \/>\n<script type=\"application\/ld+json\" class=\"yoast-schema-graph\">{\"@context\":\"https:\/\/schema.org\",\"@graph\":[{\"@type\":\"WebPage\",\"@id\":\"https:\/\/benoitmahe.com\/legal-notice\/\",\"url\":\"https:\/\/benoitmahe.com\/legal-notice\/\",\"name\":\"Avis L\u00e9gal - Benoit Mah\u00e9\",\"isPartOf\":{\"@id\":\"https:\/\/benoitmahe.com\/#website\"},\"datePublished\":\"2025-06-29T16:49:47+00:00\",\"dateModified\":\"2025-09-10T12:01:39+00:00\",\"breadcrumb\":{\"@id\":\"https:\/\/benoitmahe.com\/legal-notice\/#breadcrumb\"},\"inLanguage\":\"fr-FR\",\"potentialAction\":[{\"@type\":\"ReadAction\",\"target\":[\"https:\/\/benoitmahe.com\/legal-notice\/\"]}]},{\"@type\":\"BreadcrumbList\",\"@id\":\"https:\/\/benoitmahe.com\/legal-notice\/#breadcrumb\",\"itemListElement\":[{\"@type\":\"ListItem\",\"position\":1,\"name\":\"Home\",\"item\":\"https:\/\/benoitmahe.com\/es\/\"},{\"@type\":\"ListItem\",\"position\":2,\"name\":\"Avis L\u00e9gal\"}]},{\"@type\":\"WebSite\",\"@id\":\"https:\/\/benoitmahe.com\/#website\",\"url\":\"https:\/\/benoitmahe.com\/\",\"name\":\"Benoit Mah\u00e9\",\"description\":\"\",\"publisher\":{\"@id\":\"https:\/\/benoitmahe.com\/#organization\"},\"potentialAction\":[{\"@type\":\"SearchAction\",\"target\":{\"@type\":\"EntryPoint\",\"urlTemplate\":\"https:\/\/benoitmahe.com\/?s={search_term_string}\"},\"query-input\":{\"@type\":\"PropertyValueSpecification\",\"valueRequired\":true,\"valueName\":\"search_term_string\"}}],\"inLanguage\":\"fr-FR\"},{\"@type\":\"Organization\",\"@id\":\"https:\/\/benoitmahe.com\/#organization\",\"name\":\"Benoit Mah\u00e9\",\"url\":\"https:\/\/benoitmahe.com\/\",\"logo\":{\"@type\":\"ImageObject\",\"inLanguage\":\"fr-FR\",\"@id\":\"https:\/\/benoitmahe.com\/#\/schema\/logo\/image\/\",\"url\":\"https:\/\/benoitmahe.com\/wp-content\/uploads\/2025\/06\/benoitmahe-logo.svg\",\"contentUrl\":\"https:\/\/benoitmahe.com\/wp-content\/uploads\/2025\/06\/benoitmahe-logo.svg\",\"width\":185,\"height\":37,\"caption\":\"Benoit Mah\u00e9\"},\"image\":{\"@id\":\"https:\/\/benoitmahe.com\/#\/schema\/logo\/image\/\"}}]}<\/script>\n<!-- \/ Yoast SEO plugin. -->","yoast_head_json":{"title":"Avis L\u00e9gal - Benoit Mah\u00e9","robots":{"index":"index","follow":"follow","max-snippet":"max-snippet:-1","max-image-preview":"max-image-preview:large","max-video-preview":"max-video-preview:-1"},"canonical":"https:\/\/benoitmahe.com\/legal-notice\/","og_locale":"fr_FR","og_type":"article","og_title":"Avis L\u00e9gal - Benoit Mah\u00e9","og_description":"[vc_section][vc_row row_width=\u00a0\u00bbfullwidth_contained\u00a0\u00bb css=\u00a0\u00bb.vc_custom_1751034400578{background-image: url(http:\/\/benoitmahe.local\/wp-content\/uploads\/2025\/06\/background-contact.jpg?id=122) !important;background-position: center !important;background-repeat: no-repeat !important;background-size: cover !important;}\u00a0\u00bb][vc_column][vc_row_inner][vc_column_inner][vc_empty_space][vc_column_text css=\u00a0\u00bb\u00a0\u00bb el_class=\u00a0\u00bbtext-white\u00a0\u00bb] Avis L\u00e9gal [\/vc_column_text][vc_empty_space][\/vc_column_inner][\/vc_row_inner][\/vc_column][\/vc_row][\/vc_section][vc_section css=\u00a0\u00bb.vc_custom_1751216200320{margin-top: 50px !important;margin-bottom: 50px !important;}\u00a0\u00bb][vc_row][vc_column][vc_column_text css=\u00a0\u00bb\u00a0\u00bb]RAISON SOCIALE : CAPKELENN S.L. SIRET : B85770212 DOMICILE SOCIAL : AVENIDA DE LA ESPARTA N\u00ba 40, 28230, LAS ROZAS DE MADRID, MADRID CONTACT: \u2013 N\u00ba DE T\u00c9L\u00c9PHONE +34 916316624 -E-mail:\u00a0info@capkelenn.com INSCRIPTION AU REGISTRE [&hellip;]","og_url":"https:\/\/benoitmahe.com\/legal-notice\/","og_site_name":"Benoit Mah\u00e9","article_modified_time":"2025-09-10T12:01:39+00:00","twitter_card":"summary_large_image","twitter_misc":{"Dur\u00e9e de lecture estim\u00e9e":"1 minute"},"schema":{"@context":"https:\/\/schema.org","@graph":[{"@type":"WebPage","@id":"https:\/\/benoitmahe.com\/legal-notice\/","url":"https:\/\/benoitmahe.com\/legal-notice\/","name":"Avis L\u00e9gal - Benoit Mah\u00e9","isPartOf":{"@id":"https:\/\/benoitmahe.com\/#website"},"datePublished":"2025-06-29T16:49:47+00:00","dateModified":"2025-09-10T12:01:39+00:00","breadcrumb":{"@id":"https:\/\/benoitmahe.com\/legal-notice\/#breadcrumb"},"inLanguage":"fr-FR","potentialAction":[{"@type":"ReadAction","target":["https:\/\/benoitmahe.com\/legal-notice\/"]}]},{"@type":"BreadcrumbList","@id":"https:\/\/benoitmahe.com\/legal-notice\/#breadcrumb","itemListElement":[{"@type":"ListItem","position":1,"name":"Home","item":"https:\/\/benoitmahe.com\/es\/"},{"@type":"ListItem","position":2,"name":"Avis L\u00e9gal"}]},{"@type":"WebSite","@id":"https:\/\/benoitmahe.com\/#website","url":"https:\/\/benoitmahe.com\/","name":"Benoit Mah\u00e9","description":"","publisher":{"@id":"https:\/\/benoitmahe.com\/#organization"},"potentialAction":[{"@type":"SearchAction","target":{"@type":"EntryPoint","urlTemplate":"https:\/\/benoitmahe.com\/?s={search_term_string}"},"query-input":{"@type":"PropertyValueSpecification","valueRequired":true,"valueName":"search_term_string"}}],"inLanguage":"fr-FR"},{"@type":"Organization","@id":"https:\/\/benoitmahe.com\/#organization","name":"Benoit Mah\u00e9","url":"https:\/\/benoitmahe.com\/","logo":{"@type":"ImageObject","inLanguage":"fr-FR","@id":"https:\/\/benoitmahe.com\/#\/schema\/logo\/image\/","url":"https:\/\/benoitmahe.com\/wp-content\/uploads\/2025\/06\/benoitmahe-logo.svg","contentUrl":"https:\/\/benoitmahe.com\/wp-content\/uploads\/2025\/06\/benoitmahe-logo.svg","width":185,"height":37,"caption":"Benoit Mah\u00e9"},"image":{"@id":"https:\/\/benoitmahe.com\/#\/schema\/logo\/image\/"}}]}},"_links":{"self":[{"href":"https:\/\/benoitmahe.com\/fr\/wp-json\/wp\/v2\/pages\/717","targetHints":{"allow":["GET"]}}],"collection":[{"href":"https:\/\/benoitmahe.com\/fr\/wp-json\/wp\/v2\/pages"}],"about":[{"href":"https:\/\/benoitmahe.com\/fr\/wp-json\/wp\/v2\/types\/page"}],"author":[{"embeddable":true,"href":"https:\/\/benoitmahe.com\/fr\/wp-json\/wp\/v2\/users\/1"}],"replies":[{"embeddable":true,"href":"https:\/\/benoitmahe.com\/fr\/wp-json\/wp\/v2\/comments?post=717"}],"version-history":[{"count":1,"href":"https:\/\/benoitmahe.com\/fr\/wp-json\/wp\/v2\/pages\/717\/revisions"}],"predecessor-version":[{"id":718,"href":"https:\/\/benoitmahe.com\/fr\/wp-json\/wp\/v2\/pages\/717\/revisions\/718"}],"wp:attachment":[{"href":"https:\/\/benoitmahe.com\/fr\/wp-json\/wp\/v2\/media?parent=717"}],"curies":[{"name":"wp","href":"https:\/\/api.w.org\/{rel}","templated":true}]}}