{"id":715,"date":"2025-06-16T16:08:18","date_gmt":"2025-06-16T16:08:18","guid":{"rendered":"https:\/\/icidigital.eu\/benoit-mahe\/politica-privacidad\/"},"modified":"2025-09-10T13:41:27","modified_gmt":"2025-09-10T13:41:27","slug":"politique-confidentialite","status":"publish","type":"page","link":"https:\/\/benoitmahe.com\/fr\/politique-confidentialite\/","title":{"rendered":"Politique de confidentialit\u00e9"},"content":{"rendered":"<div class=\"wpb-content-wrapper\"><p>[vc_section][vc_row row_width=\u00a0\u00bbfullwidth_contained\u00a0\u00bb css=\u00a0\u00bb.vc_custom_1751034400578{background-image: url(http:\/\/benoitmahe.local\/wp-content\/uploads\/2025\/06\/background-contact.jpg?id=122) !important;background-position: center !important;background-repeat: no-repeat !important;background-size: cover !important;}\u00a0\u00bb][vc_column][vc_row_inner][vc_column_inner][vc_empty_space][vc_column_text css=\u00a0\u00bb\u00a0\u00bb el_class=\u00a0\u00bbtext-white\u00a0\u00bb]<\/p>\n<h1 style=\"text-align: center;\"><span style=\"color: #000000;\">Politique de confidentialit\u00e9<\/span><\/h1>\n<p>[\/vc_column_text][vc_empty_space][\/vc_column_inner][\/vc_row_inner][\/vc_column][\/vc_row][\/vc_section][vc_section css=\u00a0\u00bb.vc_custom_1751216200320{margin-top: 50px !important;margin-bottom: 50px !important;}\u00a0\u00bb][vc_row][vc_column][vc_column_text css=\u00a0\u00bb\u00a0\u00bb]<\/p>\n<h3>1. Qui est responsable du traitement de vos donn\u00e9es?<\/h3>\n<p>CAPKELENN S.L.<\/p>\n<p>SIRET : B85770212<\/p>\n<p>DOMICILE SOCIAL : AVENIDA DE LA ESPARTA N\u00ba 40, 28230, LAS ROZAS DE MADRID, MADRID<\/p>\n<p>E-mail : \u00a0<a href=\"mailto:info@capkelenn.com\">info@capkelenn.com<\/a><\/p>\n<p>N\u00ba de t\u00e9l\u00e9phone : +34 916316624<\/p>\n<p>Coordonn\u00e9es du DPO : GRUPO ADAPTALIA \u2013 LEGAL FORMATIVO S.L. legal@grupoadaptalia.es<\/p>\n<p>+34 91 553 34 08<\/p>\n<h3>2. Dans quel but traitons-nous vos informations personnelles?<\/h3>\n<p>Chez CAPKELENN S.L. nous traitons les donn\u00e9es que vous nous fournissez dans le but de g\u00e9rer la relation contractuelle qui nous unit, l\u2019envoi des renseignements que vous nous demandez, de fournir \u00e0 nos contacts des offres en rapport avec nos services et\/ou produits susceptibles de les int\u00e9resser et\/ou de g\u00e9rer leur candidature.<\/p>\n<h3>3. Combien de temps conserverons-nous vos informations personnelles?<\/h3>\n<p>Nous conserverons vos informations pour la dur\u00e9e minimum qui sera n\u00e9cessaire afin d\u2019offrir une prestation convenable, ainsi que pour prendre en charge les responsabilit\u00e9s qui pourraient d\u00e9couler de celle-ci ou de toute autre exigence l\u00e9gale.<\/p>\n<h3>4. Quelle est la base l\u00e9gale en rapport avec le traitement de vos informations?<\/h3>\n<p>La base l\u00e9gale pour le traitement de vos informations personnelle peut \u00eatre l\u2019ex\u00e9cution d\u2019une relation contractuelle potentielle ou formelle, l\u2019int\u00e9r\u00eat l\u00e9gitime, l\u2019habilitation l\u00e9gale et\/ou le consentement de l\u2019int\u00e9ress\u00e9 lui-m\u00eame. Les donn\u00e9es que nous vous demandons sont appropri\u00e9es, pertinentes et strictement n\u00e9cessaires. Vous n\u2019\u00eates en aucun cas oblig\u00e9 \u00e0 nous les fournir, mais le fait de ne pas nous les communiquer pourrait avoir un impact sur l\u2019objectif du service ou rendre impossible la prestation de celui-ci.<\/p>\n<h3>5. \u00c0 qui seront communiqu\u00e9es vos informations ?<\/h3>\n<p>CAPKELENN S.L. ne communiquera vos informations \u00e0 aucun tiers, \u00e0 moins que nous ne l\u2019ayons manifestement inform\u00e9 au pr\u00e9alable.<\/p>\n<p><strong>5.2 Quels sont vos droits lorsque vous nous fournissez vos donn\u00e9es?<\/strong><\/p>\n<p>Les droits de protection des donn\u00e9es dont les int\u00e9ress\u00e9s sont titulaires sont les suivants\u00a0:<\/p>\n<ul>\n<li>Droit de demander l\u2019acc\u00e8s aux informations personnelles relatives \u00e0 l\u2019int\u00e9ress\u00e9<\/li>\n<li>Droit de correction ou de suppression<\/li>\n<li>Droit d\u2019opposition<\/li>\n<li>Droit \u00e0 demander la limitation de leur traitement<\/li>\n<\/ul>\n<p>Droit de transf\u00e9rabilit\u00e9 des informations<\/p>\n<p>Les titulaires des informations personnelles obtenues pourront exercer leur droit de protection des donn\u00e9es personnelles en adressant une communication \u00e9crite au domicile social de CAPKELENN, S.L. ou au courrier \u00e9lectronique pr\u00e9vu \u00e0 cet effet, \u00a0<a href=\"mailto:info@capkelenn.com\">info@capkelenn.com<\/a>. Dans tous les cas, ils devront joindre une photocopie de leur carte d\u2019identit\u00e9 ou de toute autre pi\u00e8ce d\u2019identit\u00e9 \u00e9quivalente.<\/p>\n<p>Des mod\u00e8les, formulaires et de plus amples informations concernant vos droits sont disponibles sur le site internet de l\u2019autorit\u00e9 de contr\u00f4le national, l\u2019Agence Espagnole de Protection des Donn\u00e9es, ci-apr\u00e8s d\u00e9nomm\u00e9e AEPD,\u00a0<a href=\"http:\/\/www.agpd.es\/\">www.agpd.es<\/a>.<\/p>\n<p><strong>5.3 Est-ce que je peux retirer mon accord?<\/strong><\/p>\n<p>Vous avez la possibilit\u00e9 et le droit de retirer votre accord pour tout objectif sp\u00e9cifique consenti pr\u00e9alablement, sans que cela n\u2019affecte la lic\u00e9it\u00e9 du traitement effectu\u00e9 selon le consentement octroy\u00e9 avant son retrait.<\/p>\n<p><strong>5.4 O\u00f9 puis-je porter une r\u00e9clamation si je consid\u00e8re que mes donn\u00e9es ne sont pas trait\u00e9es correctement?<br \/>\n<\/strong><\/p>\n<p>Si un int\u00e9ress\u00e9 consid\u00e8re que ses donn\u00e9es ne sont pas trait\u00e9es correctement par CAPKELENN S.L. il peut adresser sa r\u00e9clamation via mail \u00e0\u00a0<a href=\"mailto:info@capkelenn.com\">info@capkelenn.com<\/a>\u00a0ou \u00e0 l\u2019autorit\u00e9 charg\u00e9e de la protection des donn\u00e9es correspondante,\u00a0<a href=\"http:\/\/www.agpd.es\/\">www.agpd.es<\/a><\/p>\n<p><strong>5.5 S\u00e9curit\u00e9 et mise \u00e0 jour de vos informations personnelles<\/strong><\/p>\n<p>Afin de pr\u00e9server la s\u00e9curit\u00e9 de vos informations personnelles, nous vous communiquons que CAPKELENN S.L. a adopt\u00e9 toutes les mesures dans le domaine technique et organisationnel pour garantir la s\u00e9curit\u00e9 de vos donn\u00e9es. Gr\u00e2ce \u00e0 ces mesures, nous \u00e9viterons toute alt\u00e9ration, perte et\/ou traitement ou acc\u00e8s non autoris\u00e9s, conform\u00e9ment \u00e0 la normative en vigueur, bien que la s\u00e9curit\u00e9 absolue n\u2019existe pas.<\/p>\n<p>Afin que vos donn\u00e9es soient exactes, il est important que vous nous informiez de tout changement pertinent.<\/p>\n<h3>6. Confidentialit\u00e9<\/h3>\n<p>CAPKELENN S.L. vous informe que vos donn\u00e9es seront trait\u00e9es avec le plus grand soin et la plus grande confidentialit\u00e9 par tout le personnel impliqu\u00e9 au cours de leur traitement. Nous ne c\u00e8derons ni ne communiquerons \u00e0 aucun tiers vos donn\u00e9es, sauf dans les cas recueillis par la loi et \u00e0 moins que l\u2019int\u00e9ress\u00e9 nous ait donn\u00e9 manifestement son accord.[\/vc_column_text][\/vc_column][\/vc_row][\/vc_section]<\/p>\n<\/div>","protected":false},"excerpt":{"rendered":"<p>[vc_section][vc_row row_width=\u00a0\u00bbfullwidth_contained\u00a0\u00bb css=\u00a0\u00bb.vc_custom_1751034400578{background-image: url(http:\/\/benoitmahe.local\/wp-content\/uploads\/2025\/06\/background-contact.jpg?id=122) !important;background-position: center !important;background-repeat: no-repeat !important;background-size: cover !important;}\u00a0\u00bb][vc_column][vc_row_inner][vc_column_inner][vc_empty_space][vc_column_text css=\u00a0\u00bb\u00a0\u00bb el_class=\u00a0\u00bbtext-white\u00a0\u00bb] Politique de confidentialit\u00e9 [\/vc_column_text][vc_empty_space][\/vc_column_inner][\/vc_row_inner][\/vc_column][\/vc_row][\/vc_section][vc_section css=\u00a0\u00bb.vc_custom_1751216200320{margin-top: 50px !important;margin-bottom: 50px !important;}\u00a0\u00bb][vc_row][vc_column][vc_column_text css=\u00a0\u00bb\u00a0\u00bb] 1. Qui est responsable du traitement de vos donn\u00e9es? CAPKELENN S.L. SIRET : B85770212 DOMICILE SOCIAL : AVENIDA DE LA ESPARTA N\u00ba 40, 28230, LAS ROZAS DE MADRID, MADRID E-mail : \u00a0info@capkelenn.com [&hellip;]<\/p>\n","protected":false},"author":1,"featured_media":0,"parent":0,"menu_order":0,"comment_status":"closed","ping_status":"closed","template":"","meta":{"_acf_changed":false,"inline_featured_image":false,"footnotes":""},"class_list":["post-715","page","type-page","status-publish","hentry"],"acf":[],"yoast_head":"<!-- This site is optimized with the Yoast SEO plugin v25.9 - https:\/\/yoast.com\/wordpress\/plugins\/seo\/ -->\n<title>Politique de confidentialit\u00e9 - Benoit Mah\u00e9<\/title>\n<meta name=\"robots\" content=\"index, follow, max-snippet:-1, max-image-preview:large, max-video-preview:-1\" \/>\n<link rel=\"canonical\" href=\"https:\/\/benoitmahe.com\/privacy-policy\/\" \/>\n<meta property=\"og:locale\" content=\"fr_FR\" \/>\n<meta property=\"og:type\" content=\"article\" \/>\n<meta property=\"og:title\" content=\"Politique de confidentialit\u00e9 - Benoit Mah\u00e9\" \/>\n<meta property=\"og:description\" content=\"[vc_section][vc_row row_width=\u00a0\u00bbfullwidth_contained\u00a0\u00bb css=\u00a0\u00bb.vc_custom_1751034400578{background-image: url(http:\/\/benoitmahe.local\/wp-content\/uploads\/2025\/06\/background-contact.jpg?id=122) !important;background-position: center !important;background-repeat: no-repeat !important;background-size: cover !important;}\u00a0\u00bb][vc_column][vc_row_inner][vc_column_inner][vc_empty_space][vc_column_text css=\u00a0\u00bb\u00a0\u00bb el_class=\u00a0\u00bbtext-white\u00a0\u00bb] Politique de confidentialit\u00e9 [\/vc_column_text][vc_empty_space][\/vc_column_inner][\/vc_row_inner][\/vc_column][\/vc_row][\/vc_section][vc_section css=\u00a0\u00bb.vc_custom_1751216200320{margin-top: 50px !important;margin-bottom: 50px !important;}\u00a0\u00bb][vc_row][vc_column][vc_column_text css=\u00a0\u00bb\u00a0\u00bb] 1. Qui est responsable du traitement de vos donn\u00e9es? CAPKELENN S.L. SIRET : B85770212 DOMICILE SOCIAL : AVENIDA DE LA ESPARTA N\u00ba 40, 28230, LAS ROZAS DE MADRID, MADRID E-mail : \u00a0info@capkelenn.com [&hellip;]\" \/>\n<meta property=\"og:url\" content=\"https:\/\/benoitmahe.com\/privacy-policy\/\" \/>\n<meta property=\"og:site_name\" content=\"Benoit Mah\u00e9\" \/>\n<meta property=\"article:modified_time\" content=\"2025-09-10T13:41:27+00:00\" \/>\n<meta name=\"twitter:card\" content=\"summary_large_image\" \/>\n<meta name=\"twitter:label1\" content=\"Dur\u00e9e de lecture estim\u00e9e\" \/>\n\t<meta name=\"twitter:data1\" content=\"3 minutes\" \/>\n<script type=\"application\/ld+json\" class=\"yoast-schema-graph\">{\"@context\":\"https:\/\/schema.org\",\"@graph\":[{\"@type\":\"WebPage\",\"@id\":\"https:\/\/benoitmahe.com\/privacy-policy\/\",\"url\":\"https:\/\/benoitmahe.com\/privacy-policy\/\",\"name\":\"Politique de confidentialit\u00e9 - Benoit Mah\u00e9\",\"isPartOf\":{\"@id\":\"https:\/\/benoitmahe.com\/#website\"},\"datePublished\":\"2025-06-16T16:08:18+00:00\",\"dateModified\":\"2025-09-10T13:41:27+00:00\",\"breadcrumb\":{\"@id\":\"https:\/\/benoitmahe.com\/privacy-policy\/#breadcrumb\"},\"inLanguage\":\"fr-FR\",\"potentialAction\":[{\"@type\":\"ReadAction\",\"target\":[\"https:\/\/benoitmahe.com\/privacy-policy\/\"]}]},{\"@type\":\"BreadcrumbList\",\"@id\":\"https:\/\/benoitmahe.com\/privacy-policy\/#breadcrumb\",\"itemListElement\":[{\"@type\":\"ListItem\",\"position\":1,\"name\":\"Home\",\"item\":\"https:\/\/benoitmahe.com\/es\/\"},{\"@type\":\"ListItem\",\"position\":2,\"name\":\"Politique de confidentialit\u00e9\"}]},{\"@type\":\"WebSite\",\"@id\":\"https:\/\/benoitmahe.com\/#website\",\"url\":\"https:\/\/benoitmahe.com\/\",\"name\":\"Benoit Mah\u00e9\",\"description\":\"\",\"publisher\":{\"@id\":\"https:\/\/benoitmahe.com\/#organization\"},\"potentialAction\":[{\"@type\":\"SearchAction\",\"target\":{\"@type\":\"EntryPoint\",\"urlTemplate\":\"https:\/\/benoitmahe.com\/?s={search_term_string}\"},\"query-input\":{\"@type\":\"PropertyValueSpecification\",\"valueRequired\":true,\"valueName\":\"search_term_string\"}}],\"inLanguage\":\"fr-FR\"},{\"@type\":\"Organization\",\"@id\":\"https:\/\/benoitmahe.com\/#organization\",\"name\":\"Benoit Mah\u00e9\",\"url\":\"https:\/\/benoitmahe.com\/\",\"logo\":{\"@type\":\"ImageObject\",\"inLanguage\":\"fr-FR\",\"@id\":\"https:\/\/benoitmahe.com\/#\/schema\/logo\/image\/\",\"url\":\"https:\/\/benoitmahe.com\/wp-content\/uploads\/2025\/06\/benoitmahe-logo.svg\",\"contentUrl\":\"https:\/\/benoitmahe.com\/wp-content\/uploads\/2025\/06\/benoitmahe-logo.svg\",\"width\":185,\"height\":37,\"caption\":\"Benoit Mah\u00e9\"},\"image\":{\"@id\":\"https:\/\/benoitmahe.com\/#\/schema\/logo\/image\/\"}}]}<\/script>\n<!-- \/ Yoast SEO plugin. -->","yoast_head_json":{"title":"Politique de confidentialit\u00e9 - Benoit Mah\u00e9","robots":{"index":"index","follow":"follow","max-snippet":"max-snippet:-1","max-image-preview":"max-image-preview:large","max-video-preview":"max-video-preview:-1"},"canonical":"https:\/\/benoitmahe.com\/privacy-policy\/","og_locale":"fr_FR","og_type":"article","og_title":"Politique de confidentialit\u00e9 - Benoit Mah\u00e9","og_description":"[vc_section][vc_row row_width=\u00a0\u00bbfullwidth_contained\u00a0\u00bb css=\u00a0\u00bb.vc_custom_1751034400578{background-image: url(http:\/\/benoitmahe.local\/wp-content\/uploads\/2025\/06\/background-contact.jpg?id=122) !important;background-position: center !important;background-repeat: no-repeat !important;background-size: cover !important;}\u00a0\u00bb][vc_column][vc_row_inner][vc_column_inner][vc_empty_space][vc_column_text css=\u00a0\u00bb\u00a0\u00bb el_class=\u00a0\u00bbtext-white\u00a0\u00bb] Politique de confidentialit\u00e9 [\/vc_column_text][vc_empty_space][\/vc_column_inner][\/vc_row_inner][\/vc_column][\/vc_row][\/vc_section][vc_section css=\u00a0\u00bb.vc_custom_1751216200320{margin-top: 50px !important;margin-bottom: 50px !important;}\u00a0\u00bb][vc_row][vc_column][vc_column_text css=\u00a0\u00bb\u00a0\u00bb] 1. Qui est responsable du traitement de vos donn\u00e9es? CAPKELENN S.L. SIRET : B85770212 DOMICILE SOCIAL : AVENIDA DE LA ESPARTA N\u00ba 40, 28230, LAS ROZAS DE MADRID, MADRID E-mail : \u00a0info@capkelenn.com [&hellip;]","og_url":"https:\/\/benoitmahe.com\/privacy-policy\/","og_site_name":"Benoit Mah\u00e9","article_modified_time":"2025-09-10T13:41:27+00:00","twitter_card":"summary_large_image","twitter_misc":{"Dur\u00e9e de lecture estim\u00e9e":"3 minutes"},"schema":{"@context":"https:\/\/schema.org","@graph":[{"@type":"WebPage","@id":"https:\/\/benoitmahe.com\/privacy-policy\/","url":"https:\/\/benoitmahe.com\/privacy-policy\/","name":"Politique de confidentialit\u00e9 - Benoit Mah\u00e9","isPartOf":{"@id":"https:\/\/benoitmahe.com\/#website"},"datePublished":"2025-06-16T16:08:18+00:00","dateModified":"2025-09-10T13:41:27+00:00","breadcrumb":{"@id":"https:\/\/benoitmahe.com\/privacy-policy\/#breadcrumb"},"inLanguage":"fr-FR","potentialAction":[{"@type":"ReadAction","target":["https:\/\/benoitmahe.com\/privacy-policy\/"]}]},{"@type":"BreadcrumbList","@id":"https:\/\/benoitmahe.com\/privacy-policy\/#breadcrumb","itemListElement":[{"@type":"ListItem","position":1,"name":"Home","item":"https:\/\/benoitmahe.com\/es\/"},{"@type":"ListItem","position":2,"name":"Politique de confidentialit\u00e9"}]},{"@type":"WebSite","@id":"https:\/\/benoitmahe.com\/#website","url":"https:\/\/benoitmahe.com\/","name":"Benoit Mah\u00e9","description":"","publisher":{"@id":"https:\/\/benoitmahe.com\/#organization"},"potentialAction":[{"@type":"SearchAction","target":{"@type":"EntryPoint","urlTemplate":"https:\/\/benoitmahe.com\/?s={search_term_string}"},"query-input":{"@type":"PropertyValueSpecification","valueRequired":true,"valueName":"search_term_string"}}],"inLanguage":"fr-FR"},{"@type":"Organization","@id":"https:\/\/benoitmahe.com\/#organization","name":"Benoit Mah\u00e9","url":"https:\/\/benoitmahe.com\/","logo":{"@type":"ImageObject","inLanguage":"fr-FR","@id":"https:\/\/benoitmahe.com\/#\/schema\/logo\/image\/","url":"https:\/\/benoitmahe.com\/wp-content\/uploads\/2025\/06\/benoitmahe-logo.svg","contentUrl":"https:\/\/benoitmahe.com\/wp-content\/uploads\/2025\/06\/benoitmahe-logo.svg","width":185,"height":37,"caption":"Benoit Mah\u00e9"},"image":{"@id":"https:\/\/benoitmahe.com\/#\/schema\/logo\/image\/"}}]}},"_links":{"self":[{"href":"https:\/\/benoitmahe.com\/fr\/wp-json\/wp\/v2\/pages\/715","targetHints":{"allow":["GET"]}}],"collection":[{"href":"https:\/\/benoitmahe.com\/fr\/wp-json\/wp\/v2\/pages"}],"about":[{"href":"https:\/\/benoitmahe.com\/fr\/wp-json\/wp\/v2\/types\/page"}],"author":[{"embeddable":true,"href":"https:\/\/benoitmahe.com\/fr\/wp-json\/wp\/v2\/users\/1"}],"replies":[{"embeddable":true,"href":"https:\/\/benoitmahe.com\/fr\/wp-json\/wp\/v2\/comments?post=715"}],"version-history":[{"count":2,"href":"https:\/\/benoitmahe.com\/fr\/wp-json\/wp\/v2\/pages\/715\/revisions"}],"predecessor-version":[{"id":720,"href":"https:\/\/benoitmahe.com\/fr\/wp-json\/wp\/v2\/pages\/715\/revisions\/720"}],"wp:attachment":[{"href":"https:\/\/benoitmahe.com\/fr\/wp-json\/wp\/v2\/media?parent=715"}],"curies":[{"name":"wp","href":"https:\/\/api.w.org\/{rel}","templated":true}]}}