{"id":564,"date":"2025-06-26T16:43:14","date_gmt":"2025-06-26T16:43:14","guid":{"rendered":"https:\/\/icidigital.eu\/benoit-mahe\/clientes\/"},"modified":"2026-04-14T11:32:57","modified_gmt":"2026-04-14T11:32:57","slug":"clients","status":"publish","type":"page","link":"https:\/\/benoitmahe.com\/fr\/clients\/","title":{"rendered":"Clients"},"content":{"rendered":"<div class=\"wpb-content-wrapper\"><p>[vc_section el_class=\u00a0\u00bbsection-clientes1&Prime;][vc_row row_width=\u00a0\u00bbfullwidth_contained\u00a0\u00bb css=\u00a0\u00bb.vc_custom_1751044918548{background-image: url(https:\/\/benoitmahe.com\/wp-content\/uploads\/2025\/06\/background-contact.jpg?id=122) !important;background-position: center !important;background-repeat: no-repeat !important;background-size: cover !important;}\u00a0\u00bb el_class=\u00a0\u00bbhas-backround\u00a0\u00bb][vc_column][vc_row_inner][vc_column_inner width=\u00a0\u00bb1\/2&Prime;][\/vc_column_inner][vc_column_inner width=\u00a0\u00bb1\/2&Prime;][\/vc_column_inner][\/vc_row_inner][\/vc_column][\/vc_row][vc_row row_width=\u00a0\u00bbfullwidth\u00a0\u00bb el_class=\u00a0\u00bbhero-separator\u00a0\u00bb][vc_column][vc_column_text css=\u00a0\u00bb\u00a0\u00bb]<\/p>\n<p style=\"text-align: center;\"><a href=\"https:\/\/benoitmahe.com\/fr\/contact\/\">Contactez-moi<\/a><\/p>\n<p>[\/vc_column_text][\/vc_column][\/vc_row][\/vc_section][vc_section el_class=\u00a0\u00bbsection-clientes2&Prime;][vc_row][vc_column width=\u00a0\u00bb1\/3&Prime;][vc_single_image image=\u00a0\u00bb2184&Prime; img_size=\u00a0\u00bbfull\u00a0\u00bb css=\u00a0\u00bb\u00a0\u00bb][\/vc_column][vc_column width=\u00a0\u00bb2\/3&Prime;][vc_column_text css=\u00a0\u00bb\u00a0\u00bb]<\/p>\n<h2>Benoit Mah\u00e9 intervient aupr\u00e8s de grandes enseignes internationales, dans le retail et l\u2019h\u00f4tellerie, dans le B2B ainsi que pour des commer\u00e7ants ind\u00e9pendants.<\/h2>\n<p>[\/vc_column_text][vc_column_text css=\u00a0\u00bb\u00a0\u00bb]Il promeut une exp\u00e9rience client d\u2019exception, rendue possible par une exp\u00e9rience collaborateur plus humaine, attentive et engag\u00e9e, d\u00e9livrant des KPI \u00e0 forte efficacit\u00e9 commerciale.[\/vc_column_text][vc_column_text css=\u00a0\u00bb\u00a0\u00bb]<strong>Les participants appliquent ce qu\u2019il dit. Et \u00e7a marche.<\/strong>[\/vc_column_text][\/vc_column][\/vc_row][\/vc_section][vc_section el_class=\u00a0\u00bbsection-clientes3&Prime;][vc_row disable_element=\u00a0\u00bbyes\u00a0\u00bb][vc_column][vc_single_image image=\u00a0\u00bb162&Prime; img_size=\u00a0\u00bbfull\u00a0\u00bb css=\u00a0\u00bb\u00a0\u00bb][vc_column_text css=\u00a0\u00bb\u00a0\u00bb]<\/p>\n<h2>D\u00e9couvrez les t\u00e9moignages<\/h2>\n<p>[\/vc_column_text][vc_column_text css=\u00a0\u00bb\u00a0\u00bb]d\u2019entreprises qui ont mis en \u0153uvre la <strong>m\u00e9thode Sales &amp; Retail Coaching.<\/strong>[\/vc_column_text][vc_masonry_grid post_type=\u00a0\u00bbbenoit-testimonials\u00a0\u00bb max_items=\u00a0\u00bb-1&Prime; style=\u00a0\u00bbload-more\u00a0\u00bb items_per_page=\u00a0\u00bb6&Prime; gap=\u00a0\u00bb20&Prime; item=\u00a0\u00bb169&Prime; css=\u00a0\u00bb\u00a0\u00bb btn_shape=\u00a0\u00bbsquare\u00a0\u00bb grid_id=\u00a0\u00bbvc_gid:1776166346936-c70d5f9c645fd600b5e83158c35aed41-2&Prime;][\/vc_column][\/vc_row][vc_row][vc_column][vc_single_image image=\u00a0\u00bb162&Prime; img_size=\u00a0\u00bbfull\u00a0\u00bb css=\u00a0\u00bb\u00a0\u00bb][vc_column_text css=\u00a0\u00bb\u00a0\u00bb]<\/p>\n<h2>D\u00e9couvrez les t\u00e9moignages<\/h2>\n<p>[\/vc_column_text][vc_column_text css=\u00a0\u00bb\u00a0\u00bb]d\u2019entreprises qui ont mis en \u0153uvre la <strong>m\u00e9thode Sales &amp; Retail Coaching.<\/strong>[\/vc_column_text]\n    <div class=\"benoit-testimonials-wrapper\">\n        <div class=\"benoit-testimonials-grid benoit-grid--cols-3\"\n             style=\"--benoit-gap: 30px;\">\n        \n            \n                <article class=\"benoit-testimonial-card js-benoit-zoom-card\">\n\n                                            <div class=\"benoit-testimonial-logo\">\n                            <img decoding=\"async\" src=\"https:\/\/benoitmahe.com\/wp-content\/uploads\/2025\/07\/logo-procos-def-300x300.png\" alt=\"\">\n                        <\/div>\n                    \n                    <h3 class=\"benoit-testimonial-name\">Emmanuel Le Roch<\/h3>\n\n                    \n                                            <p class=\"benoit-testimonial-extra\"> D\u00e9l\u00e9gu\u00e9 G\u00e9n\u00e9ral PROCOS<\/p>\n                    \n                    <div class=\"benoit-testimonial-text\">\n                        <p>\u00ab\u00a0Merci beaucoup Benoit pour ce webinaire passionnant sur le Retail Coaching ! Merci Benoit et \u00e0 vos \u00e9quipes pour ce que vous faites pour le commerce de d\u00e9tail et pour vos employ\u00e9s\u00a0\u00bb.<\/p>\n                    <\/div>\n\n                <\/article>\n\n            \n                <article class=\"benoit-testimonial-card js-benoit-zoom-card\">\n\n                                            <div class=\"benoit-testimonial-logo\">\n                            <img decoding=\"async\" src=\"https:\/\/benoitmahe.com\/wp-content\/uploads\/2025\/06\/louisvuitton.png\" alt=\"\">\n                        <\/div>\n                    \n                    <h3 class=\"benoit-testimonial-name\">Team Manager<\/h3>\n\n                    \n                    \n                    <div class=\"benoit-testimonial-text\">\n                        <p>\u00ab\u00a0Millions of thanks for inviting me to the Retail Coaching Certification. It has been an incredible opportunity and investment. All the directors should be here so that we can become the best version of ourselves.\u00a0\u00bb<\/p>\n                    <\/div>\n\n                <\/article>\n\n            \n                <article class=\"benoit-testimonial-card js-benoit-zoom-card\">\n\n                                            <div class=\"benoit-testimonial-logo\">\n                            <img decoding=\"async\" src=\"https:\/\/benoitmahe.com\/wp-content\/uploads\/2025\/06\/louisvuitton.png\" alt=\"\">\n                        <\/div>\n                    \n                    <h3 class=\"benoit-testimonial-name\">Chef d&rsquo;\u00e9quipe<\/h3>\n\n                    \n                    \n                    <div class=\"benoit-testimonial-text\">\n                        <p>Un grand merci de m&rsquo;avoir invit\u00e9 \u00e0 la certification de coaching en vente au d\u00e9tail. Cela a \u00e9t\u00e9 une opportunit\u00e9 et un investissement incroyables. Tous les r\u00e9alisateurs devraient \u00eatre pr\u00e9sents afin que nous puissions donner le meilleur de nous-m\u00eames.<\/p>\n                    <\/div>\n\n                <\/article>\n\n            \n                <article class=\"benoit-testimonial-card js-benoit-zoom-card\">\n\n                                            <div class=\"benoit-testimonial-logo\">\n                            <img decoding=\"async\" src=\"https:\/\/benoitmahe.com\/wp-content\/uploads\/2025\/06\/zara.png\" alt=\"\">\n                        <\/div>\n                    \n                    <h3 class=\"benoit-testimonial-name\">Gracia Martin<\/h3>\n\n                    \n                                            <p class=\"benoit-testimonial-extra\">Directrice Flagship Zara<\/p>\n                    \n                    <div class=\"benoit-testimonial-text\">\n                        <p>\u00ab\u00a0Les directeurs avaient travaill\u00e9 avec Beno\u00eet, mais nous voulions transmettre le message \u00e0 tout le personnel. Ils ont ador\u00e9 !\u00a0\u00bb<\/p>\n                    <\/div>\n\n                <\/article>\n\n            \n                <article class=\"benoit-testimonial-card js-benoit-zoom-card\">\n\n                                            <div class=\"benoit-testimonial-logo\">\n                            <img decoding=\"async\" src=\"https:\/\/benoitmahe.com\/wp-content\/uploads\/2025\/06\/loreal.png\" alt=\"\">\n                        <\/div>\n                    \n                    <h3 class=\"benoit-testimonial-name\">Jos\u00e9 Manuel B\u00e9blas<\/h3>\n\n                    \n                                            <p class=\"benoit-testimonial-extra\">L\u2019Oreal Cosmetique Active<\/p>\n                    \n                    <div class=\"benoit-testimonial-text\">\n                        <p>\u201cBeno\u00eet charme tout au long de sa conf\u00e9rence ; et le plus incroyable, c\u2019est que les participants mettent en pratique ce qu\u2019il dit !\u201d<\/p>\n                    <\/div>\n\n                <\/article>\n\n            \n                <article class=\"benoit-testimonial-card js-benoit-zoom-card\">\n\n                                            <div class=\"benoit-testimonial-logo\">\n                            <img decoding=\"async\" src=\"https:\/\/benoitmahe.com\/wp-content\/uploads\/2025\/06\/logo-sabadell-300x300.png\" alt=\"\">\n                        <\/div>\n                    \n                    <h3 class=\"benoit-testimonial-name\">Directeur R\u00e9gional<\/h3>\n\n                    \n                                            <p class=\"benoit-testimonial-extra\">Banque Sabadell<\/p>\n                    \n                    <div class=\"benoit-testimonial-text\">\n                        <p>\u201cNous avons voulu offrir \u00e0 nos professionnels du commerce une conf\u00e9rence de tr\u00e8s haut niveau pour booster l\u2019efficacit\u00e9 commerciale de leurs entreprises, qu\u2019il s\u2019agisse d\u2019h\u00f4tellerie, de boutiques\u2026 L\u2019amphith\u00e9\u00e2tre \u00e9tait plein, et nous recommencerons l\u2019ann\u00e9e prochaine car les participants ont \u00e9t\u00e9 impressionn\u00e9s et touch\u00e9s.\u201d<\/p>\n                    <\/div>\n\n                <\/article>\n\n            \n                <article class=\"benoit-testimonial-card js-benoit-zoom-card\">\n\n                                            <div class=\"benoit-testimonial-logo\">\n                            <img decoding=\"async\" src=\"https:\/\/benoitmahe.com\/wp-content\/uploads\/2025\/06\/logo-hackett-1-300x300.png\" alt=\"\">\n                        <\/div>\n                    \n                    <h3 class=\"benoit-testimonial-name\">Dan Slater<\/h3>\n\n                    \n                                            <p class=\"benoit-testimonial-extra\">Directeur Commercial chez Hackett, Londres.<\/p>\n                    \n                    <div class=\"benoit-testimonial-text\">\n                        <p>\u201cNos responsables de magasin ont ador\u00e9 cette conf\u00e9rence, tr\u00e8s inspirante et concr\u00e8te.\u201d<\/p>\n                    <\/div>\n\n                <\/article>\n\n            \n                <article class=\"benoit-testimonial-card js-benoit-zoom-card\">\n\n                                            <div class=\"benoit-testimonial-logo\">\n                            <img decoding=\"async\" src=\"https:\/\/benoitmahe.com\/wp-content\/uploads\/2025\/06\/palacio-hierro-300x300.png\" alt=\"\">\n                        <\/div>\n                    \n                    <h3 class=\"benoit-testimonial-name\">Enrique Mendoza<\/h3>\n\n                    \n                                            <p class=\"benoit-testimonial-extra\">Directeur Ressources Humaines<\/p>\n                    \n                    <div class=\"benoit-testimonial-text\">\n                        <p>\u00ab\u00a0Beno\u00eet est motivant parce qu&rsquo;il parle la langue des magasins. Il m\u00e9lange sa culture fran\u00e7aise et sa chaleur latine, c&rsquo;est un spectacle\u00a0\u00bb.<\/p>\n                    <\/div>\n\n                <\/article>\n\n            \n        <\/div>\n\n                    <div class=\"benoit-load-more-wrapper\">\n                <button \n                    class=\"benoit-load-more-btn\"\n                    data-perpage=\"6\">\n                    CHARGER PLUS                <\/button>\n            <\/div>\n            <\/div>\n\n    [\/vc_column][\/vc_row][\/vc_section][vc_section el_class=\u00a0\u00bbsection-footer\u00a0\u00bb][vc_row row_width=\u00a0\u00bbfullwidth\u00a0\u00bb el_class=\u00a0\u00bbhero-separator\u00a0\u00bb][vc_column][vc_column_text css=\u00a0\u00bb\u00a0\u00bb]<\/p>\n<p style=\"text-align: center;\"><a href=\"https:\/\/benoitmahe.com\/fr\/contact\/\">Contactez-moi<\/a><\/p>\n<p>[\/vc_column_text][\/vc_column][\/vc_row][\/vc_section]<\/p>\n<\/div>","protected":false},"excerpt":{"rendered":"<p>[vc_section el_class=\u00a0\u00bbsection-clientes1&Prime;][vc_row row_width=\u00a0\u00bbfullwidth_contained\u00a0\u00bb css=\u00a0\u00bb.vc_custom_1751044918548{background-image: url(https:\/\/benoitmahe.com\/wp-content\/uploads\/2025\/06\/background-contact.jpg?id=122) !important;background-position: center !important;background-repeat: no-repeat !important;background-size: cover !important;}\u00a0\u00bb el_class=\u00a0\u00bbhas-backround\u00a0\u00bb][vc_column][vc_row_inner][vc_column_inner width=\u00a0\u00bb1\/2&Prime;][\/vc_column_inner][vc_column_inner width=\u00a0\u00bb1\/2&Prime;][\/vc_column_inner][\/vc_row_inner][\/vc_column][\/vc_row][vc_row row_width=\u00a0\u00bbfullwidth\u00a0\u00bb el_class=\u00a0\u00bbhero-separator\u00a0\u00bb][vc_column][vc_column_text css=\u00a0\u00bb\u00a0\u00bb] Contactez-moi [\/vc_column_text][\/vc_column][\/vc_row][\/vc_section][vc_section el_class=\u00a0\u00bbsection-clientes2&Prime;][vc_row][vc_column width=\u00a0\u00bb1\/3&Prime;][vc_single_image image=\u00a0\u00bb2184&Prime; img_size=\u00a0\u00bbfull\u00a0\u00bb css=\u00a0\u00bb\u00a0\u00bb][\/vc_column][vc_column width=\u00a0\u00bb2\/3&Prime;][vc_column_text css=\u00a0\u00bb\u00a0\u00bb] Benoit Mah\u00e9 intervient aupr\u00e8s de grandes enseignes internationales, dans le retail et l\u2019h\u00f4tellerie, dans le B2B ainsi que pour des commer\u00e7ants ind\u00e9pendants. [\/vc_column_text][vc_column_text css=\u00a0\u00bb\u00a0\u00bb]Il promeut une exp\u00e9rience client [&hellip;]<\/p>\n","protected":false},"author":1,"featured_media":0,"parent":0,"menu_order":0,"comment_status":"closed","ping_status":"closed","template":"","meta":{"_acf_changed":false,"inline_featured_image":false,"footnotes":""},"class_list":["post-564","page","type-page","status-publish","hentry"],"acf":[],"yoast_head":"<!-- This site is optimized with the Yoast SEO plugin v25.9 - https:\/\/yoast.com\/wordpress\/plugins\/seo\/ -->\n<title>Clients - Benoit Mah\u00e9<\/title>\n<meta name=\"robots\" content=\"index, follow, max-snippet:-1, max-image-preview:large, max-video-preview:-1\" \/>\n<link rel=\"canonical\" href=\"https:\/\/benoitmahe.com\/fr\/clients\/\" \/>\n<meta property=\"og:locale\" content=\"fr_FR\" \/>\n<meta property=\"og:type\" content=\"article\" \/>\n<meta property=\"og:title\" content=\"Clients - Benoit Mah\u00e9\" \/>\n<meta property=\"og:description\" content=\"[vc_section el_class=\u00a0\u00bbsection-clientes1&Prime;][vc_row row_width=\u00a0\u00bbfullwidth_contained\u00a0\u00bb css=\u00a0\u00bb.vc_custom_1751044918548{background-image: url(https:\/\/benoitmahe.com\/wp-content\/uploads\/2025\/06\/background-contact.jpg?id=122) !important;background-position: center !important;background-repeat: no-repeat !important;background-size: cover !important;}\u00a0\u00bb el_class=\u00a0\u00bbhas-backround\u00a0\u00bb][vc_column][vc_row_inner][vc_column_inner width=\u00a0\u00bb1\/2&Prime;][\/vc_column_inner][vc_column_inner width=\u00a0\u00bb1\/2&Prime;][\/vc_column_inner][\/vc_row_inner][\/vc_column][\/vc_row][vc_row row_width=\u00a0\u00bbfullwidth\u00a0\u00bb el_class=\u00a0\u00bbhero-separator\u00a0\u00bb][vc_column][vc_column_text css=\u00a0\u00bb\u00a0\u00bb] Contactez-moi [\/vc_column_text][\/vc_column][\/vc_row][\/vc_section][vc_section el_class=\u00a0\u00bbsection-clientes2&Prime;][vc_row][vc_column width=\u00a0\u00bb1\/3&Prime;][vc_single_image image=\u00a0\u00bb2184&Prime; img_size=\u00a0\u00bbfull\u00a0\u00bb css=\u00a0\u00bb\u00a0\u00bb][\/vc_column][vc_column width=\u00a0\u00bb2\/3&Prime;][vc_column_text css=\u00a0\u00bb\u00a0\u00bb] Benoit Mah\u00e9 intervient aupr\u00e8s de grandes enseignes internationales, dans le retail et l\u2019h\u00f4tellerie, dans le B2B ainsi que pour des commer\u00e7ants ind\u00e9pendants. [\/vc_column_text][vc_column_text css=\u00a0\u00bb\u00a0\u00bb]Il promeut une exp\u00e9rience client [&hellip;]\" \/>\n<meta property=\"og:url\" content=\"https:\/\/benoitmahe.com\/fr\/clients\/\" \/>\n<meta property=\"og:site_name\" content=\"Benoit Mah\u00e9\" \/>\n<meta property=\"article:modified_time\" content=\"2026-04-14T11:32:57+00:00\" \/>\n<meta name=\"twitter:card\" content=\"summary_large_image\" \/>\n<meta name=\"twitter:label1\" content=\"Dur\u00e9e de lecture estim\u00e9e\" \/>\n\t<meta name=\"twitter:data1\" content=\"1 minute\" \/>\n<script type=\"application\/ld+json\" class=\"yoast-schema-graph\">{\"@context\":\"https:\/\/schema.org\",\"@graph\":[{\"@type\":\"WebPage\",\"@id\":\"https:\/\/benoitmahe.com\/fr\/clients\/\",\"url\":\"https:\/\/benoitmahe.com\/fr\/clients\/\",\"name\":\"Clients - Benoit Mah\u00e9\",\"isPartOf\":{\"@id\":\"https:\/\/benoitmahe.com\/#website\"},\"datePublished\":\"2025-06-26T16:43:14+00:00\",\"dateModified\":\"2026-04-14T11:32:57+00:00\",\"breadcrumb\":{\"@id\":\"https:\/\/benoitmahe.com\/fr\/clients\/#breadcrumb\"},\"inLanguage\":\"fr-FR\",\"potentialAction\":[{\"@type\":\"ReadAction\",\"target\":[\"https:\/\/benoitmahe.com\/fr\/clients\/\"]}]},{\"@type\":\"BreadcrumbList\",\"@id\":\"https:\/\/benoitmahe.com\/fr\/clients\/#breadcrumb\",\"itemListElement\":[{\"@type\":\"ListItem\",\"position\":1,\"name\":\"Home\",\"item\":\"https:\/\/benoitmahe.com\/es\/\"},{\"@type\":\"ListItem\",\"position\":2,\"name\":\"Clients\"}]},{\"@type\":\"WebSite\",\"@id\":\"https:\/\/benoitmahe.com\/#website\",\"url\":\"https:\/\/benoitmahe.com\/\",\"name\":\"Benoit Mah\u00e9\",\"description\":\"\",\"publisher\":{\"@id\":\"https:\/\/benoitmahe.com\/#organization\"},\"potentialAction\":[{\"@type\":\"SearchAction\",\"target\":{\"@type\":\"EntryPoint\",\"urlTemplate\":\"https:\/\/benoitmahe.com\/?s={search_term_string}\"},\"query-input\":{\"@type\":\"PropertyValueSpecification\",\"valueRequired\":true,\"valueName\":\"search_term_string\"}}],\"inLanguage\":\"fr-FR\"},{\"@type\":\"Organization\",\"@id\":\"https:\/\/benoitmahe.com\/#organization\",\"name\":\"Benoit Mah\u00e9\",\"url\":\"https:\/\/benoitmahe.com\/\",\"logo\":{\"@type\":\"ImageObject\",\"inLanguage\":\"fr-FR\",\"@id\":\"https:\/\/benoitmahe.com\/#\/schema\/logo\/image\/\",\"url\":\"https:\/\/benoitmahe.com\/wp-content\/uploads\/2025\/06\/benoitmahe-logo.svg\",\"contentUrl\":\"https:\/\/benoitmahe.com\/wp-content\/uploads\/2025\/06\/benoitmahe-logo.svg\",\"width\":185,\"height\":37,\"caption\":\"Benoit Mah\u00e9\"},\"image\":{\"@id\":\"https:\/\/benoitmahe.com\/#\/schema\/logo\/image\/\"}}]}<\/script>\n<!-- \/ Yoast SEO plugin. -->","yoast_head_json":{"title":"Clients - Benoit Mah\u00e9","robots":{"index":"index","follow":"follow","max-snippet":"max-snippet:-1","max-image-preview":"max-image-preview:large","max-video-preview":"max-video-preview:-1"},"canonical":"https:\/\/benoitmahe.com\/fr\/clients\/","og_locale":"fr_FR","og_type":"article","og_title":"Clients - Benoit Mah\u00e9","og_description":"[vc_section el_class=\u00a0\u00bbsection-clientes1&Prime;][vc_row row_width=\u00a0\u00bbfullwidth_contained\u00a0\u00bb css=\u00a0\u00bb.vc_custom_1751044918548{background-image: url(https:\/\/benoitmahe.com\/wp-content\/uploads\/2025\/06\/background-contact.jpg?id=122) !important;background-position: center !important;background-repeat: no-repeat !important;background-size: cover !important;}\u00a0\u00bb el_class=\u00a0\u00bbhas-backround\u00a0\u00bb][vc_column][vc_row_inner][vc_column_inner width=\u00a0\u00bb1\/2&Prime;][\/vc_column_inner][vc_column_inner width=\u00a0\u00bb1\/2&Prime;][\/vc_column_inner][\/vc_row_inner][\/vc_column][\/vc_row][vc_row row_width=\u00a0\u00bbfullwidth\u00a0\u00bb el_class=\u00a0\u00bbhero-separator\u00a0\u00bb][vc_column][vc_column_text css=\u00a0\u00bb\u00a0\u00bb] Contactez-moi [\/vc_column_text][\/vc_column][\/vc_row][\/vc_section][vc_section el_class=\u00a0\u00bbsection-clientes2&Prime;][vc_row][vc_column width=\u00a0\u00bb1\/3&Prime;][vc_single_image image=\u00a0\u00bb2184&Prime; img_size=\u00a0\u00bbfull\u00a0\u00bb css=\u00a0\u00bb\u00a0\u00bb][\/vc_column][vc_column width=\u00a0\u00bb2\/3&Prime;][vc_column_text css=\u00a0\u00bb\u00a0\u00bb] Benoit Mah\u00e9 intervient aupr\u00e8s de grandes enseignes internationales, dans le retail et l\u2019h\u00f4tellerie, dans le B2B ainsi que pour des commer\u00e7ants ind\u00e9pendants. [\/vc_column_text][vc_column_text css=\u00a0\u00bb\u00a0\u00bb]Il promeut une exp\u00e9rience client [&hellip;]","og_url":"https:\/\/benoitmahe.com\/fr\/clients\/","og_site_name":"Benoit Mah\u00e9","article_modified_time":"2026-04-14T11:32:57+00:00","twitter_card":"summary_large_image","twitter_misc":{"Dur\u00e9e de lecture estim\u00e9e":"1 minute"},"schema":{"@context":"https:\/\/schema.org","@graph":[{"@type":"WebPage","@id":"https:\/\/benoitmahe.com\/fr\/clients\/","url":"https:\/\/benoitmahe.com\/fr\/clients\/","name":"Clients - Benoit Mah\u00e9","isPartOf":{"@id":"https:\/\/benoitmahe.com\/#website"},"datePublished":"2025-06-26T16:43:14+00:00","dateModified":"2026-04-14T11:32:57+00:00","breadcrumb":{"@id":"https:\/\/benoitmahe.com\/fr\/clients\/#breadcrumb"},"inLanguage":"fr-FR","potentialAction":[{"@type":"ReadAction","target":["https:\/\/benoitmahe.com\/fr\/clients\/"]}]},{"@type":"BreadcrumbList","@id":"https:\/\/benoitmahe.com\/fr\/clients\/#breadcrumb","itemListElement":[{"@type":"ListItem","position":1,"name":"Home","item":"https:\/\/benoitmahe.com\/es\/"},{"@type":"ListItem","position":2,"name":"Clients"}]},{"@type":"WebSite","@id":"https:\/\/benoitmahe.com\/#website","url":"https:\/\/benoitmahe.com\/","name":"Benoit Mah\u00e9","description":"","publisher":{"@id":"https:\/\/benoitmahe.com\/#organization"},"potentialAction":[{"@type":"SearchAction","target":{"@type":"EntryPoint","urlTemplate":"https:\/\/benoitmahe.com\/?s={search_term_string}"},"query-input":{"@type":"PropertyValueSpecification","valueRequired":true,"valueName":"search_term_string"}}],"inLanguage":"fr-FR"},{"@type":"Organization","@id":"https:\/\/benoitmahe.com\/#organization","name":"Benoit Mah\u00e9","url":"https:\/\/benoitmahe.com\/","logo":{"@type":"ImageObject","inLanguage":"fr-FR","@id":"https:\/\/benoitmahe.com\/#\/schema\/logo\/image\/","url":"https:\/\/benoitmahe.com\/wp-content\/uploads\/2025\/06\/benoitmahe-logo.svg","contentUrl":"https:\/\/benoitmahe.com\/wp-content\/uploads\/2025\/06\/benoitmahe-logo.svg","width":185,"height":37,"caption":"Benoit Mah\u00e9"},"image":{"@id":"https:\/\/benoitmahe.com\/#\/schema\/logo\/image\/"}}]}},"_links":{"self":[{"href":"https:\/\/benoitmahe.com\/fr\/wp-json\/wp\/v2\/pages\/564","targetHints":{"allow":["GET"]}}],"collection":[{"href":"https:\/\/benoitmahe.com\/fr\/wp-json\/wp\/v2\/pages"}],"about":[{"href":"https:\/\/benoitmahe.com\/fr\/wp-json\/wp\/v2\/types\/page"}],"author":[{"embeddable":true,"href":"https:\/\/benoitmahe.com\/fr\/wp-json\/wp\/v2\/users\/1"}],"replies":[{"embeddable":true,"href":"https:\/\/benoitmahe.com\/fr\/wp-json\/wp\/v2\/comments?post=564"}],"version-history":[{"count":22,"href":"https:\/\/benoitmahe.com\/fr\/wp-json\/wp\/v2\/pages\/564\/revisions"}],"predecessor-version":[{"id":2186,"href":"https:\/\/benoitmahe.com\/fr\/wp-json\/wp\/v2\/pages\/564\/revisions\/2186"}],"wp:attachment":[{"href":"https:\/\/benoitmahe.com\/fr\/wp-json\/wp\/v2\/media?parent=564"}],"curies":[{"name":"wp","href":"https:\/\/api.w.org\/{rel}","templated":true}]}}