{"id":560,"date":"2025-06-26T16:44:40","date_gmt":"2025-06-26T16:44:40","guid":{"rendered":"https:\/\/icidigital.eu\/benoit-mahe\/conferencias\/"},"modified":"2025-10-09T07:37:56","modified_gmt":"2025-10-09T07:37:56","slug":"conferences","status":"publish","type":"page","link":"https:\/\/benoitmahe.com\/fr\/conferences\/","title":{"rendered":"Conferencias"},"content":{"rendered":"<div class=\"wpb-content-wrapper\"><p>[vc_section el_class=\u00a0\u00bbsection-conference1&Prime;][vc_row row_width=\u00a0\u00bbfullwidth_contained\u00a0\u00bb css=\u00a0\u00bb.vc_custom_1751201864636{background-image: url(https:\/\/benoitmahe.com\/wp-content\/uploads\/2025\/06\/benoitmahe-conferencia.jpg?id=262) !important;background-position: center !important;background-repeat: no-repeat !important;background-size: cover !important;}\u00a0\u00bb][vc_column][vc_row_inner][vc_column_inner][vc_column_text css_animation=\u00a0\u00bbnone\u00a0\u00bb css=\u00a0\u00bb\u00a0\u00bb]<\/p>\n<h1 style=\"text-align: right;\">Chaque mot peut transformer une \u00e9quipe.<br \/>\nChaque conf\u00e9rence, une culture.<\/h1>\n<p>[\/vc_column_text][\/vc_column_inner][\/vc_row_inner][\/vc_column][\/vc_row][vc_row row_width=\u00a0\u00bbfullwidth\u00a0\u00bb el_class=\u00a0\u00bbhero-separator\u00a0\u00bb][vc_column][vc_column_text css=\u00a0\u00bb\u00a0\u00bb]<\/p>\n<p style=\"text-align: center;\">R\u00e9servez votre conf\u00e9rence avec Benoit Mah\u00e9. <a href=\"https:\/\/benoitmahe.com\/fr\/contact\/\">Contactez-moi<\/a>.<\/p>\n<p>[\/vc_column_text][\/vc_column][\/vc_row][\/vc_section][vc_section el_class=\u00a0\u00bbsection-conference2&Prime;][vc_row row_width=\u00a0\u00bbfullwidth_contained\u00a0\u00bb css=\u00a0\u00bb.vc_custom_1751212627327{background-image: url(https:\/\/benoitmahe.com\/wp-content\/uploads\/2025\/06\/background-contact2.jpg?id=125) !important;background-position: center !important;background-repeat: no-repeat !important;background-size: cover !important;}\u00a0\u00bb][vc_column][vc_row_inner][vc_column_inner width=\u00a0\u00bb7\/12&Prime;][vc_column_text css=\u00a0\u00bb\u00a0\u00bb]<\/p>\n<h2>Benoit Mah\u00e9 est conf\u00e9rencier international et cr\u00e9ateur du Retail Coaching.<\/h2>\n<p>[\/vc_column_text][vc_column_text css=\u00a0\u00bb\u00a0\u00bb]<strong>Il est reconnu pour sa capacit\u00e9 \u00e0 inspirer, \u00e9veiller les consciences et mobiliser les publics.<\/strong><\/p>\n<p>Dans ses conf\u00e9rences de motivation, il adapte chaque message au contexte et aux enjeux sp\u00e9cifiques de l\u2019entreprise : conventions commerciales, congr\u00e8s, s\u00e9minaires ou r\u00e9unions de franchis\u00e9s.<\/p>\n<p>Avec son style dynamique, accessible et profond\u00e9ment humain, il partage des id\u00e9es innovantes qui appellent \u00e0 l\u2019action. Chaque intervention devient une exp\u00e9rience empathique, stimulante, et transformatrice.[\/vc_column_text][vc_column_text css=\u00a0\u00bb\u00a0\u00bb]<\/p>\n<h3>Ses conf\u00e9rences, disponibles en trois langues, \u00e9l\u00e8vent les entreprises du monde entier gr\u00e2ce \u00e0 une sensibilit\u00e9 et un impact multiculturels.<\/h3>\n<p>[\/vc_column_text][\/vc_column_inner][vc_column_inner width=\u00a0\u00bb5\/12&Prime; css=\u00a0\u00bb.vc_custom_1751212747314{background-image: url(https:\/\/benoitmahe.com\/wp-content\/uploads\/2025\/06\/backgroung-home-benoit.jpg?id=65) !important;background-position: center !important;background-repeat: no-repeat !important;background-size: cover !important;}\u00a0\u00bb]    <div class=\"benoit-special-list\">\n                    <div class=\"special-list__item\">\n                                    <div class=\"squares\"><\/div>\n                                <div>\n                                                                <p class=\"text\">\n                            Il connecte avec le public \u00e0 chaque intervention, jusqu\u2019\u00e0 faire se lever une salle enti\u00e8re.                        <\/p>\n                                    <\/div>\n            <\/div>\n                    <div class=\"special-list__item\">\n                                    <div class=\"squares\"><\/div>\n                                <div>\n                                                                <p class=\"text\">\n                            Il montre comment motiver les \u00e9quipes et am\u00e9liorer leurs indicateurs de performance commerciale.                        <\/p>\n                                    <\/div>\n            <\/div>\n                    <div class=\"special-list__item\">\n                                    <div class=\"squares\"><\/div>\n                                <div>\n                                                                <p class=\"text\">\n                            Il renforce l\u2019excellence de l\u2019exp\u00e9rience en magasin, le NPS, la rentabilit\u00e9 et les KPI comme l\u2019UPT, le panier moyen ou le taux de conversion.                        <\/p>\n                                    <\/div>\n            <\/div>\n                    <div class=\"special-list__item\">\n                                    <div class=\"squares\"><\/div>\n                                <div>\n                                                                <p class=\"text\">\n                            Il renforce la culture d\u2019entreprise, le leadership et la performance.                        <\/p>\n                                    <\/div>\n            <\/div>\n            <\/div>\n[\/vc_column_inner][\/vc_row_inner][\/vc_column][\/vc_row][\/vc_section][vc_section el_class=\u00a0\u00bbsection-conference3&Prime;][vc_row row_width=\u00a0\u00bbfullwidth\u00a0\u00bb][vc_column][vc_column_text css=\u00a0\u00bb\u00a0\u00bb]<\/p>\n<h2 style=\"text-align: center;\">Vid\u00e9os de conf\u00e9rences<\/h2>\n<p>[\/vc_column_text][vc_separator color=\u00a0\u00bbcustom\u00a0\u00bb css=\u00a0\u00bb\u00a0\u00bb accent_color=\u00a0\u00bb#B28600&Prime;][\/vc_column][\/vc_row][vc_row][vc_column width=\u00a0\u00bb1\/3&Prime;][vc_single_image image=\u00a0\u00bb769&Prime; img_size=\u00a0\u00bbfull\u00a0\u00bb alignment=\u00a0\u00bbcenter\u00a0\u00bb onclick=\u00a0\u00bbcustom_link\u00a0\u00bb img_link_target=\u00a0\u00bb_blank\u00a0\u00bb css=\u00a0\u00bb\u00a0\u00bb el_class=\u00a0\u00bbvideo\u00a0\u00bb link=\u00a0\u00bbhttps:\/\/www.youtube.com\/watch?v=Zp0fNheV89w\u00a0\u00bb][vc_column_text css=\u00a0\u00bb\u00a0\u00bb]Interview par Julie Fiore[\/vc_column_text][\/vc_column][vc_column width=\u00a0\u00bb1\/3&Prime;][vc_single_image image=\u00a0\u00bb287&Prime; img_size=\u00a0\u00bbfull\u00a0\u00bb alignment=\u00a0\u00bbcenter\u00a0\u00bb onclick=\u00a0\u00bbcustom_link\u00a0\u00bb img_link_target=\u00a0\u00bb_blank\u00a0\u00bb css=\u00a0\u00bb\u00a0\u00bb el_class=\u00a0\u00bbvideo\u00a0\u00bb link=\u00a0\u00bbhttps:\/\/www.youtube.com\/watch?v=YjPcgNeNaXk\u00a0\u00bb][vc_column_text css=\u00a0\u00bb\u00a0\u00bb]Retail Conf\u00e9rence[\/vc_column_text][\/vc_column][vc_column width=\u00a0\u00bb1\/3&Prime;][vc_single_image image=\u00a0\u00bb776&Prime; img_size=\u00a0\u00bbfull\u00a0\u00bb alignment=\u00a0\u00bbcenter\u00a0\u00bb onclick=\u00a0\u00bbcustom_link\u00a0\u00bb img_link_target=\u00a0\u00bb_blank\u00a0\u00bb css=\u00a0\u00bb\u00a0\u00bb el_class=\u00a0\u00bbvideo\u00a0\u00bb link=\u00a0\u00bbhttps:\/\/www.youtube.com\/watch?v=f84guGJ2Kjw\u00a0\u00bb][vc_column_text css=\u00a0\u00bb\u00a0\u00bb]Conf\u00e9rence \u201cLe sourire de la boulang\u00e8re\u201d[\/vc_column_text][\/vc_column][\/vc_row][\/vc_section][vc_section el_class=\u00a0\u00bbsection-footer\u00a0\u00bb][vc_row row_width=\u00a0\u00bbfullwidth\u00a0\u00bb el_class=\u00a0\u00bbhero-separator\u00a0\u00bb][vc_column][vc_column_text css=\u00a0\u00bb\u00a0\u00bb]<\/p>\n<p style=\"text-align: center;\">R\u00e9servez votre conf\u00e9rence avec Benoit Mah\u00e9 <a href=\"https:\/\/benoitmahe.com\/fr\/contact\/\">Contactez-moi<\/a>.<\/p>\n<p>[\/vc_column_text][\/vc_column][\/vc_row][\/vc_section]<\/p>\n<\/div>","protected":false},"excerpt":{"rendered":"<p>[vc_section el_class=\u00a0\u00bbsection-conference1&Prime;][vc_row row_width=\u00a0\u00bbfullwidth_contained\u00a0\u00bb css=\u00a0\u00bb.vc_custom_1751201864636{background-image: url(https:\/\/benoitmahe.com\/wp-content\/uploads\/2025\/06\/benoitmahe-conferencia.jpg?id=262) !important;background-position: center !important;background-repeat: no-repeat !important;background-size: cover !important;}\u00a0\u00bb][vc_column][vc_row_inner][vc_column_inner][vc_column_text css_animation=\u00a0\u00bbnone\u00a0\u00bb css=\u00a0\u00bb\u00a0\u00bb] Chaque mot peut transformer une \u00e9quipe. Chaque conf\u00e9rence, une culture. [\/vc_column_text][\/vc_column_inner][\/vc_row_inner][\/vc_column][\/vc_row][vc_row row_width=\u00a0\u00bbfullwidth\u00a0\u00bb el_class=\u00a0\u00bbhero-separator\u00a0\u00bb][vc_column][vc_column_text css=\u00a0\u00bb\u00a0\u00bb] R\u00e9servez votre conf\u00e9rence avec Benoit Mah\u00e9. Contactez-moi. [\/vc_column_text][\/vc_column][\/vc_row][\/vc_section][vc_section el_class=\u00a0\u00bbsection-conference2&Prime;][vc_row row_width=\u00a0\u00bbfullwidth_contained\u00a0\u00bb css=\u00a0\u00bb.vc_custom_1751212627327{background-image: url(https:\/\/benoitmahe.com\/wp-content\/uploads\/2025\/06\/background-contact2.jpg?id=125) !important;background-position: center !important;background-repeat: no-repeat !important;background-size: cover !important;}\u00a0\u00bb][vc_column][vc_row_inner][vc_column_inner width=\u00a0\u00bb7\/12&Prime;][vc_column_text css=\u00a0\u00bb\u00a0\u00bb] Benoit Mah\u00e9 est conf\u00e9rencier international et [&hellip;]<\/p>\n","protected":false},"author":1,"featured_media":0,"parent":0,"menu_order":0,"comment_status":"closed","ping_status":"closed","template":"","meta":{"_acf_changed":false,"inline_featured_image":false,"footnotes":""},"class_list":["post-560","page","type-page","status-publish","hentry"],"acf":[],"yoast_head":"<!-- This site is optimized with the Yoast SEO plugin v25.9 - https:\/\/yoast.com\/wordpress\/plugins\/seo\/ -->\n<title>Conferencias - Benoit Mah\u00e9<\/title>\n<meta name=\"robots\" content=\"index, follow, max-snippet:-1, max-image-preview:large, max-video-preview:-1\" \/>\n<link rel=\"canonical\" href=\"https:\/\/benoitmahe.com\/fr\/conferences\/\" \/>\n<meta property=\"og:locale\" content=\"fr_FR\" \/>\n<meta property=\"og:type\" content=\"article\" \/>\n<meta property=\"og:title\" content=\"Conferencias - Benoit Mah\u00e9\" \/>\n<meta property=\"og:description\" content=\"[vc_section el_class=\u00a0\u00bbsection-conference1&Prime;][vc_row row_width=\u00a0\u00bbfullwidth_contained\u00a0\u00bb css=\u00a0\u00bb.vc_custom_1751201864636{background-image: url(https:\/\/benoitmahe.com\/wp-content\/uploads\/2025\/06\/benoitmahe-conferencia.jpg?id=262) !important;background-position: center !important;background-repeat: no-repeat !important;background-size: cover !important;}\u00a0\u00bb][vc_column][vc_row_inner][vc_column_inner][vc_column_text css_animation=\u00a0\u00bbnone\u00a0\u00bb css=\u00a0\u00bb\u00a0\u00bb] Chaque mot peut transformer une \u00e9quipe. Chaque conf\u00e9rence, une culture. [\/vc_column_text][\/vc_column_inner][\/vc_row_inner][\/vc_column][\/vc_row][vc_row row_width=\u00a0\u00bbfullwidth\u00a0\u00bb el_class=\u00a0\u00bbhero-separator\u00a0\u00bb][vc_column][vc_column_text css=\u00a0\u00bb\u00a0\u00bb] R\u00e9servez votre conf\u00e9rence avec Benoit Mah\u00e9. Contactez-moi. [\/vc_column_text][\/vc_column][\/vc_row][\/vc_section][vc_section el_class=\u00a0\u00bbsection-conference2&Prime;][vc_row row_width=\u00a0\u00bbfullwidth_contained\u00a0\u00bb css=\u00a0\u00bb.vc_custom_1751212627327{background-image: url(https:\/\/benoitmahe.com\/wp-content\/uploads\/2025\/06\/background-contact2.jpg?id=125) !important;background-position: center !important;background-repeat: no-repeat !important;background-size: cover !important;}\u00a0\u00bb][vc_column][vc_row_inner][vc_column_inner width=\u00a0\u00bb7\/12&Prime;][vc_column_text css=\u00a0\u00bb\u00a0\u00bb] Benoit Mah\u00e9 est conf\u00e9rencier international et [&hellip;]\" \/>\n<meta property=\"og:url\" content=\"https:\/\/benoitmahe.com\/fr\/conferences\/\" \/>\n<meta property=\"og:site_name\" content=\"Benoit Mah\u00e9\" \/>\n<meta property=\"article:modified_time\" content=\"2025-10-09T07:37:56+00:00\" \/>\n<meta name=\"twitter:card\" content=\"summary_large_image\" \/>\n<meta name=\"twitter:label1\" content=\"Dur\u00e9e de lecture estim\u00e9e\" \/>\n\t<meta name=\"twitter:data1\" content=\"1 minute\" \/>\n<script type=\"application\/ld+json\" class=\"yoast-schema-graph\">{\"@context\":\"https:\/\/schema.org\",\"@graph\":[{\"@type\":\"WebPage\",\"@id\":\"https:\/\/benoitmahe.com\/fr\/conferences\/\",\"url\":\"https:\/\/benoitmahe.com\/fr\/conferences\/\",\"name\":\"Conferencias - Benoit Mah\u00e9\",\"isPartOf\":{\"@id\":\"https:\/\/benoitmahe.com\/#website\"},\"datePublished\":\"2025-06-26T16:44:40+00:00\",\"dateModified\":\"2025-10-09T07:37:56+00:00\",\"breadcrumb\":{\"@id\":\"https:\/\/benoitmahe.com\/fr\/conferences\/#breadcrumb\"},\"inLanguage\":\"fr-FR\",\"potentialAction\":[{\"@type\":\"ReadAction\",\"target\":[\"https:\/\/benoitmahe.com\/fr\/conferences\/\"]}]},{\"@type\":\"BreadcrumbList\",\"@id\":\"https:\/\/benoitmahe.com\/fr\/conferences\/#breadcrumb\",\"itemListElement\":[{\"@type\":\"ListItem\",\"position\":1,\"name\":\"Home\",\"item\":\"https:\/\/benoitmahe.com\/es\/\"},{\"@type\":\"ListItem\",\"position\":2,\"name\":\"Conferencias\"}]},{\"@type\":\"WebSite\",\"@id\":\"https:\/\/benoitmahe.com\/#website\",\"url\":\"https:\/\/benoitmahe.com\/\",\"name\":\"Benoit Mah\u00e9\",\"description\":\"\",\"publisher\":{\"@id\":\"https:\/\/benoitmahe.com\/#organization\"},\"potentialAction\":[{\"@type\":\"SearchAction\",\"target\":{\"@type\":\"EntryPoint\",\"urlTemplate\":\"https:\/\/benoitmahe.com\/?s={search_term_string}\"},\"query-input\":{\"@type\":\"PropertyValueSpecification\",\"valueRequired\":true,\"valueName\":\"search_term_string\"}}],\"inLanguage\":\"fr-FR\"},{\"@type\":\"Organization\",\"@id\":\"https:\/\/benoitmahe.com\/#organization\",\"name\":\"Benoit Mah\u00e9\",\"url\":\"https:\/\/benoitmahe.com\/\",\"logo\":{\"@type\":\"ImageObject\",\"inLanguage\":\"fr-FR\",\"@id\":\"https:\/\/benoitmahe.com\/#\/schema\/logo\/image\/\",\"url\":\"https:\/\/benoitmahe.com\/wp-content\/uploads\/2025\/06\/benoitmahe-logo.svg\",\"contentUrl\":\"https:\/\/benoitmahe.com\/wp-content\/uploads\/2025\/06\/benoitmahe-logo.svg\",\"width\":185,\"height\":37,\"caption\":\"Benoit Mah\u00e9\"},\"image\":{\"@id\":\"https:\/\/benoitmahe.com\/#\/schema\/logo\/image\/\"}}]}<\/script>\n<!-- \/ Yoast SEO plugin. -->","yoast_head_json":{"title":"Conferencias - Benoit Mah\u00e9","robots":{"index":"index","follow":"follow","max-snippet":"max-snippet:-1","max-image-preview":"max-image-preview:large","max-video-preview":"max-video-preview:-1"},"canonical":"https:\/\/benoitmahe.com\/fr\/conferences\/","og_locale":"fr_FR","og_type":"article","og_title":"Conferencias - Benoit Mah\u00e9","og_description":"[vc_section el_class=\u00a0\u00bbsection-conference1&Prime;][vc_row row_width=\u00a0\u00bbfullwidth_contained\u00a0\u00bb css=\u00a0\u00bb.vc_custom_1751201864636{background-image: url(https:\/\/benoitmahe.com\/wp-content\/uploads\/2025\/06\/benoitmahe-conferencia.jpg?id=262) !important;background-position: center !important;background-repeat: no-repeat !important;background-size: cover !important;}\u00a0\u00bb][vc_column][vc_row_inner][vc_column_inner][vc_column_text css_animation=\u00a0\u00bbnone\u00a0\u00bb css=\u00a0\u00bb\u00a0\u00bb] Chaque mot peut transformer une \u00e9quipe. Chaque conf\u00e9rence, une culture. [\/vc_column_text][\/vc_column_inner][\/vc_row_inner][\/vc_column][\/vc_row][vc_row row_width=\u00a0\u00bbfullwidth\u00a0\u00bb el_class=\u00a0\u00bbhero-separator\u00a0\u00bb][vc_column][vc_column_text css=\u00a0\u00bb\u00a0\u00bb] R\u00e9servez votre conf\u00e9rence avec Benoit Mah\u00e9. Contactez-moi. [\/vc_column_text][\/vc_column][\/vc_row][\/vc_section][vc_section el_class=\u00a0\u00bbsection-conference2&Prime;][vc_row row_width=\u00a0\u00bbfullwidth_contained\u00a0\u00bb css=\u00a0\u00bb.vc_custom_1751212627327{background-image: url(https:\/\/benoitmahe.com\/wp-content\/uploads\/2025\/06\/background-contact2.jpg?id=125) !important;background-position: center !important;background-repeat: no-repeat !important;background-size: cover !important;}\u00a0\u00bb][vc_column][vc_row_inner][vc_column_inner width=\u00a0\u00bb7\/12&Prime;][vc_column_text css=\u00a0\u00bb\u00a0\u00bb] Benoit Mah\u00e9 est conf\u00e9rencier international et [&hellip;]","og_url":"https:\/\/benoitmahe.com\/fr\/conferences\/","og_site_name":"Benoit Mah\u00e9","article_modified_time":"2025-10-09T07:37:56+00:00","twitter_card":"summary_large_image","twitter_misc":{"Dur\u00e9e de lecture estim\u00e9e":"1 minute"},"schema":{"@context":"https:\/\/schema.org","@graph":[{"@type":"WebPage","@id":"https:\/\/benoitmahe.com\/fr\/conferences\/","url":"https:\/\/benoitmahe.com\/fr\/conferences\/","name":"Conferencias - Benoit Mah\u00e9","isPartOf":{"@id":"https:\/\/benoitmahe.com\/#website"},"datePublished":"2025-06-26T16:44:40+00:00","dateModified":"2025-10-09T07:37:56+00:00","breadcrumb":{"@id":"https:\/\/benoitmahe.com\/fr\/conferences\/#breadcrumb"},"inLanguage":"fr-FR","potentialAction":[{"@type":"ReadAction","target":["https:\/\/benoitmahe.com\/fr\/conferences\/"]}]},{"@type":"BreadcrumbList","@id":"https:\/\/benoitmahe.com\/fr\/conferences\/#breadcrumb","itemListElement":[{"@type":"ListItem","position":1,"name":"Home","item":"https:\/\/benoitmahe.com\/es\/"},{"@type":"ListItem","position":2,"name":"Conferencias"}]},{"@type":"WebSite","@id":"https:\/\/benoitmahe.com\/#website","url":"https:\/\/benoitmahe.com\/","name":"Benoit Mah\u00e9","description":"","publisher":{"@id":"https:\/\/benoitmahe.com\/#organization"},"potentialAction":[{"@type":"SearchAction","target":{"@type":"EntryPoint","urlTemplate":"https:\/\/benoitmahe.com\/?s={search_term_string}"},"query-input":{"@type":"PropertyValueSpecification","valueRequired":true,"valueName":"search_term_string"}}],"inLanguage":"fr-FR"},{"@type":"Organization","@id":"https:\/\/benoitmahe.com\/#organization","name":"Benoit Mah\u00e9","url":"https:\/\/benoitmahe.com\/","logo":{"@type":"ImageObject","inLanguage":"fr-FR","@id":"https:\/\/benoitmahe.com\/#\/schema\/logo\/image\/","url":"https:\/\/benoitmahe.com\/wp-content\/uploads\/2025\/06\/benoitmahe-logo.svg","contentUrl":"https:\/\/benoitmahe.com\/wp-content\/uploads\/2025\/06\/benoitmahe-logo.svg","width":185,"height":37,"caption":"Benoit Mah\u00e9"},"image":{"@id":"https:\/\/benoitmahe.com\/#\/schema\/logo\/image\/"}}]}},"_links":{"self":[{"href":"https:\/\/benoitmahe.com\/fr\/wp-json\/wp\/v2\/pages\/560","targetHints":{"allow":["GET"]}}],"collection":[{"href":"https:\/\/benoitmahe.com\/fr\/wp-json\/wp\/v2\/pages"}],"about":[{"href":"https:\/\/benoitmahe.com\/fr\/wp-json\/wp\/v2\/types\/page"}],"author":[{"embeddable":true,"href":"https:\/\/benoitmahe.com\/fr\/wp-json\/wp\/v2\/users\/1"}],"replies":[{"embeddable":true,"href":"https:\/\/benoitmahe.com\/fr\/wp-json\/wp\/v2\/comments?post=560"}],"version-history":[{"count":9,"href":"https:\/\/benoitmahe.com\/fr\/wp-json\/wp\/v2\/pages\/560\/revisions"}],"predecessor-version":[{"id":890,"href":"https:\/\/benoitmahe.com\/fr\/wp-json\/wp\/v2\/pages\/560\/revisions\/890"}],"wp:attachment":[{"href":"https:\/\/benoitmahe.com\/fr\/wp-json\/wp\/v2\/media?parent=560"}],"curies":[{"name":"wp","href":"https:\/\/api.w.org\/{rel}","templated":true}]}}