{"id":533,"date":"2025-06-16T16:08:18","date_gmt":"2025-06-16T16:08:18","guid":{"rendered":"https:\/\/icidigital.eu\/benoit-mahe\/sample-page\/"},"modified":"2025-10-09T07:50:51","modified_gmt":"2025-10-09T07:50:51","slug":"sample-page","status":"publish","type":"page","link":"https:\/\/benoitmahe.com\/fr\/","title":{"rendered":"Home"},"content":{"rendered":"<div class=\"wpb-content-wrapper\"><p>[vc_row row_width=\u00a0\u00bbfullwidth_contained\u00a0\u00bb css=\u00a0\u00bb.vc_custom_1756913574990{background-image: url(https:\/\/benoitmahe.com\/wp-content\/uploads\/2025\/06\/hero-banner-home.jpg?id=194) !important;background-position: center !important;background-repeat: no-repeat !important;background-size: cover !important;}\u00a0\u00bb el_class=\u00a0\u00bbhero-home\u00a0\u00bb][vc_column][vc_row_inner][vc_column_inner][vc_column_text css=\u00a0\u00bb\u00a0\u00bb el_class=\u00a0\u00bbheading\u00a0\u00bb]CR\u00c9ATEUR DU RETAIL COACHING[\/vc_column_text][vc_column_text css=\u00a0\u00bb\u00a0\u00bb]<\/p>\n<h1>Inspirer les talents<br \/>\n\u00c9merveiller les clients<br \/>\nRaviver les r\u00e9sultats<\/h1>\n<p>[\/vc_column_text][vc_column_text css=\u00a0\u00bb\u00a0\u00bb el_class=\u00a0\u00bbsubtitle\u00a0\u00bb]&#8230;au Coeur de la Vente et du Retail[\/vc_column_text][vc_single_image image=\u00a0\u00bb22&Prime; img_size=\u00a0\u00bbfull\u00a0\u00bb onclick=\u00a0\u00bbcustom_link\u00a0\u00bb img_link_target=\u00a0\u00bb_blank\u00a0\u00bb css=\u00a0\u00bb\u00a0\u00bb link=\u00a0\u00bbhttps:\/\/www.youtube.com\/watch?v=YjPcgNeNaXk\u00a0\u00bb][\/vc_column_inner][\/vc_row_inner][vc_row_inner el_class=\u00a0\u00bbhero-lateral\u00a0\u00bb][vc_column_inner offset=\u00a0\u00bbvc_hidden-xs\u00a0\u00bb][vc_single_image image=\u00a0\u00bb422&Prime; img_size=\u00a0\u00bbfull\u00a0\u00bb alignment=\u00a0\u00bbcenter\u00a0\u00bb onclick=\u00a0\u00bbcustom_link\u00a0\u00bb img_link_target=\u00a0\u00bb_blank\u00a0\u00bb css=\u00a0\u00bb\u00a0\u00bb el_class=\u00a0\u00bbgo-top\u00a0\u00bb link=\u00a0\u00bbhttps:\/\/www.linkedin.com\/in\/benoitmaheretailcoaching\/\u00a0\u00bb][vc_single_image image=\u00a0\u00bb425&Prime; img_size=\u00a0\u00bbfull\u00a0\u00bb alignment=\u00a0\u00bbcenter\u00a0\u00bb onclick=\u00a0\u00bbcustom_link\u00a0\u00bb img_link_target=\u00a0\u00bb_blank\u00a0\u00bb css=\u00a0\u00bb\u00a0\u00bb el_class=\u00a0\u00bbgo-top\u00a0\u00bb link=\u00a0\u00bbhttps:\/\/www.youtube.com\/channel\/UCKGiX6pPqx3rcPWUoNfidMA\u00a0\u00bb][vc_column_text css=\u00a0\u00bb\u00a0\u00bb]<a href=\"https:\/\/benoitmahe.com\/fr\/contact\/\">Allumez l&rsquo;\u00e9tincelle des ventes ! Contactez-moi.<\/a>[\/vc_column_text][vc_single_image image=\u00a0\u00bb56&Prime; img_size=\u00a0\u00bbfull\u00a0\u00bb alignment=\u00a0\u00bbcenter\u00a0\u00bb onclick=\u00a0\u00bbcustom_link\u00a0\u00bb css=\u00a0\u00bb\u00a0\u00bb link=\u00a0\u00bbhttps:\/\/benoitmahe.com\/contacto\/\u00a0\u00bb][\/vc_column_inner][\/vc_row_inner][\/vc_column][\/vc_row][vc_row row_width=\u00a0\u00bbfullwidth\u00a0\u00bb el_class=\u00a0\u00bbhero-separator\u00a0\u00bb][vc_column][vc_column_text css=\u00a0\u00bb\u00a0\u00bb]<\/p>\n<p style=\"text-align: center;\">Allumez l&rsquo;\u00e9tincelle des ventes! <a href=\"https:\/\/benoitmahe.com\/fr\/contact\/\">Contactez-moi<\/a><\/p>\n<p>[\/vc_column_text][\/vc_column][\/vc_row][vc_section el_class=\u00a0\u00bbsection-home1&Prime;][vc_row][vc_column width=\u00a0\u00bb5\/12&Prime;][vc_column_text css=\u00a0\u00bb\u00a0\u00bb]<\/p>\n<h2>Cr\u00e9ateur de la m\u00e9thode<br \/>\nRetail Coaching<\/h2>\n<p>[\/vc_column_text][vc_column_text css=\u00a0\u00bb\u00a0\u00bb]Transforme les Managers des Ventes et du Retail<br \/>\nen v\u00e9ritables Leader-Coachs.[\/vc_column_text][vc_btn title=\u00a0\u00bbEn savoir plus\u00a0\u00bb css=\u00a0\u00bb\u00a0\u00bb link=\u00a0\u00bburl:https%3A%2F%2Fbenoitmahe.com%2Ffr%2Fqui-suis-je%2F|title:Qui%C3%A9n%20soy\u00a0\u00bb][vc_single_image image=\u00a0\u00bb61&Prime; img_size=\u00a0\u00bbfull\u00a0\u00bb css=\u00a0\u00bb\u00a0\u00bb][\/vc_column][vc_column width=\u00a0\u00bb7\/12&Prime; css=\u00a0\u00bb.vc_custom_1750961363720{background-image: url(https:\/\/benoitmahe.com\/wp-content\/uploads\/2025\/06\/backgroung-home-benoit-list.png?id=69) !important;background-position: center !important;background-repeat: no-repeat !important;background-size: cover !important;}\u00a0\u00bb]    <div class=\"benoit-special-list\">\n                    <div class=\"special-list__item\">\n                                    <div class=\"number\">1<\/div>\n                                <div>\n                                            <div class=\"title\">\n                            Entrepreneur et CEO                        <\/div>\n                                                                <p class=\"text\">\n                            Formateur et Leader du cabinet CapKelenn, avec une communaut\u00e9 internationale de coachs sur <strong>5 CONTINENTS, 132 CLIENTS EN 14 LANGUES.<\/strong>.                        <\/p>\n                                    <\/div>\n            <\/div>\n                    <div class=\"special-list__item\">\n                                    <div class=\"number\">2<\/div>\n                                <div>\n                                            <div class=\"title\">\n                            Coach MCC accr\u00e9dit\u00e9 par l&#039;ICF                        <\/div>\n                                                                <p class=\"text\">\n                            <strong>PLUS DE 3.000 S\u00c9ANCES<\/strong> individuelles de coaching de dirigeants.                        <\/p>\n                                    <\/div>\n            <\/div>\n                    <div class=\"special-list__item\">\n                                    <div class=\"number\">3<\/div>\n                                <div>\n                                            <div class=\"title\">\n                            Conf\u00e9rencier international                        <\/div>\n                                                                <p class=\"text\">\n                            <strong>300 CONF\u00c9RENCES<\/strong> motivationnelles sur le Retail et le Sales Coaching en trois langues.                        <\/p>\n                                    <\/div>\n            <\/div>\n                    <div class=\"special-list__item\">\n                                    <div class=\"number\">4<\/div>\n                                <div>\n                                            <div class=\"title\">\n                            Auteur de deux livres                        <\/div>\n                                                                <p class=\"text\">\n                            Publi\u00e9s dans <strong>80 PAYS<\/strong> et en <strong>3 LANGUES<\/strong>.                        <\/p>\n                                    <\/div>\n            <\/div>\n            <\/div>\n[\/vc_column][\/vc_row][\/vc_section][vc_section el_class=\u00a0\u00bbsection-home2&Prime;][vc_row row_width=\u00a0\u00bbfullwidth\u00a0\u00bb equal_height=\u00a0\u00bbyes\u00a0\u00bb][vc_column width=\u00a0\u00bb1\/2&Prime; css=\u00a0\u00bb.vc_custom_1750960955021{background-image: url(https:\/\/benoitmahe.com\/wp-content\/uploads\/2025\/06\/home-benoit1.jpg?id=63) !important;background-position: center !important;background-repeat: no-repeat !important;background-size: cover !important;}\u00a0\u00bb][\/vc_column][vc_column width=\u00a0\u00bb1\/2&Prime; css=\u00a0\u00bb.vc_custom_1750961506870{background-image: url(https:\/\/benoitmahe.com\/wp-content\/uploads\/2025\/06\/backgroung-home-benoit.jpg?id=65) !important;background-position: center !important;background-repeat: no-repeat !important;background-size: cover !important;}\u00a0\u00bb el_class=\u00a0\u00bbtext-content\u00a0\u00bb][vc_column_text css=\u00a0\u00bb\u00a0\u00bb]<\/p>\n<h2>Conf\u00e9rencier international en Retail Coaching<\/h2>\n<p>[\/vc_column_text][vc_column_text css=\u00a0\u00bb\u00a0\u00bb]Benoit impacte, inspire et transforme les audiences.<br \/>\nIl laisse une empreinte durable \u00e0 chaque conf\u00e9rence.<br \/>\nL&rsquo;\u00e9couter, c&rsquo;est commencer \u00e0 changer.[\/vc_column_text][vc_btn title=\u00a0\u00bbEn Savoir Plus\u00a0\u00bb css=\u00a0\u00bb\u00a0\u00bb link=\u00a0\u00bburl:https%3A%2F%2Fbenoitmahe.com%2Ffr%2Fconferences%2F|title:Conferencias\u00a0\u00bb][\/vc_column][\/vc_row][vc_row row_width=\u00a0\u00bbfullwidth\u00a0\u00bb el_class=\u00a0\u00bbhero-separator\u00a0\u00bb][vc_column][vc_column_text css=\u00a0\u00bb\u00a0\u00bb]<\/p>\n<p style=\"text-align: center;\">D\u00e9couvrez comment l&rsquo;appliquer dans votre entreprise. <a href=\"https:\/\/benoitmahe.com\/fr\/contact\/\">Contactez-moi<\/a>.<\/p>\n<p>[\/vc_column_text][\/vc_column][\/vc_row][\/vc_section][vc_section el_class=\u00a0\u00bbsection-home3&Prime;][vc_row][vc_column][vc_column_text css=\u00a0\u00bb\u00a0\u00bb]<\/p>\n<h2>T\u00e9moignages clients sur les conf\u00e9rences<\/h2>\n<p>[\/vc_column_text][vc_column_text css=\u00a0\u00bb\u00a0\u00bb]Voici quelques t\u00e9moignages d&rsquo;entreprises t\u00e9moin des conf\u00e9rence de Benoit Mah\u00e9.[\/vc_column_text][\/vc_column][\/vc_row][vc_row row_width=\u00a0\u00bbfullwidth_contained\u00a0\u00bb el_class=\u00a0\u00bbbrands-carousel\u00a0\u00bb][vc_column][vc_row_inner][vc_column_inner]<div class=\"carousel-images owl-carousel owl-theme\">\n            <div>\n            <img decoding=\"async\" data-src=\"https:\/\/benoitmahe.com\/wp-content\/uploads\/2025\/07\/logo-louis-vuitton-carrusel.png\" alt=\"\" src=\"https:\/\/benoitmahe.com\/wp-content\/uploads\/2025\/07\/logo-louis-vuitton-carrusel.png\" width=\"2400\" height=\"2400\">\n        <\/div>\n            <div>\n            <img decoding=\"async\" data-src=\"https:\/\/benoitmahe.com\/wp-content\/uploads\/2025\/07\/logo-zara-carrusel.png\" alt=\"\" src=\"https:\/\/benoitmahe.com\/wp-content\/uploads\/2025\/07\/logo-zara-carrusel.png\" width=\"2400\" height=\"2400\">\n        <\/div>\n            <div>\n            <img decoding=\"async\" data-src=\"https:\/\/benoitmahe.com\/wp-content\/uploads\/2025\/07\/logo-loreal-carrusel.png\" alt=\"\" src=\"https:\/\/benoitmahe.com\/wp-content\/uploads\/2025\/07\/logo-loreal-carrusel.png\" width=\"2400\" height=\"2400\">\n        <\/div>\n            <div>\n            <img decoding=\"async\" data-src=\"https:\/\/benoitmahe.com\/wp-content\/uploads\/2025\/06\/logo-sabadell.png\" alt=\"\" src=\"https:\/\/benoitmahe.com\/wp-content\/uploads\/2025\/06\/logo-sabadell.png\" width=\"2400\" height=\"2400\">\n        <\/div>\n            <div>\n            <img decoding=\"async\" data-src=\"https:\/\/benoitmahe.com\/wp-content\/uploads\/2025\/07\/logo-hackett.png\" alt=\"\" src=\"https:\/\/benoitmahe.com\/wp-content\/uploads\/2025\/07\/logo-hackett.png\" width=\"2400\" height=\"2400\">\n        <\/div>\n            <div>\n            <img decoding=\"async\" data-src=\"https:\/\/benoitmahe.com\/wp-content\/uploads\/2025\/06\/palacio-hierro.png\" alt=\"\" src=\"https:\/\/benoitmahe.com\/wp-content\/uploads\/2025\/06\/palacio-hierro.png\" width=\"2400\" height=\"2400\">\n        <\/div>\n    <\/div>\n<script type=\"text\/javascript\">\n    jQuery(document).ready(function() {\n        jQuery('.carousel-images').owlCarousel({\n            loop: true,\n            items: 6,\n            nav: true,\n            margin: 25,\n            autoHeight: true,\n            responsive: {\n                0: {\n                    items: 2,\n                    nav: true\n                },\n                480: {\n                    items: 3,\n                    nav: true\n                },\n                1024: {\n                    items: 6,\n                    nav: true,\n                }\n            }\n        });\n    })\n<\/script>[\/vc_column_inner][\/vc_row_inner][\/vc_column][\/vc_row][\/vc_section][vc_section el_class=\u00a0\u00bbsection-home4&Prime; el_id=\u00a0\u00bblivres\u00a0\u00bb][vc_row equal_height=\u00a0\u00bbyes\u00a0\u00bb][vc_column width=\u00a0\u00bb1\/2&Prime;][vc_single_image image=\u00a0\u00bb679&Prime; img_size=\u00a0\u00bbfull\u00a0\u00bb alignment=\u00a0\u00bbcenter\u00a0\u00bb css=\u00a0\u00bb\u00a0\u00bb][\/vc_column][vc_column width=\u00a0\u00bb1\/2&Prime;][vc_column_text css=\u00a0\u00bb\u00a0\u00bb]<\/p>\n<h2>Retail Coaching<\/h2>\n<p>[\/vc_column_text][vc_column_text css=\u00a0\u00bb\u00a0\u00bb]Apprenez \u00e0 combiner les meilleures techniques de<br \/>\ncoaching et de PNL appliqu\u00e9es au secteur de la<br \/>\nvente et du commerce.[\/vc_column_text][vc_btn title=\u00a0\u00bbACHETER\u00a0\u00bb css=\u00a0\u00bb\u00a0\u00bb link=\u00a0\u00bburl:https%3A%2F%2Fwww.amazon.fr%2FRetail-coaching-%25C3%25A9dition-Benoit-Mahe%2Fdp%2F2818810248%2Fref%3Dsr_1_2%3F__mk_fr_FR%3D%25C3%2585M%25C3%2585%25C5%25BD%25C3%2595%25C3%2591%26crid%3D30SO8ZA0BEGGR%26keywords%3Dretail%2Bcoaching%26qid%3D1693980331%26sprefix%3Dretail%2Bcoaching%252Caps%252C82%26sr%3D8-2|target:_blank\u00a0\u00bb el_class=\u00a0\u00bbbtn-dorado\u00a0\u00bb][vc_btn title=\u00a0\u00bbT\u00c9L\u00c9CHARGER UN CHAPITRE GRATUIT\u00a0\u00bb css=\u00a0\u00bb\u00a0\u00bb link=\u00a0\u00bburl:https%3A%2F%2Ficidigital.eu%2Fbenoit-mahe%2Fwp-content%2Fuploads%2F2025%2F08%2FCapitulo_Retail_Coaching.pdf\u00a0\u00bb][\/vc_column][\/vc_row][vc_row equal_height=\u00a0\u00bbyes\u00a0\u00bb invert_elements=\u00a0\u00bb1&Prime;][vc_column width=\u00a0\u00bb1\/2&Prime;][vc_column_text css=\u00a0\u00bb\u00a0\u00bb]<\/p>\n<h2>Le Vendeur Connect\u00e9<\/h2>\n<p>[\/vc_column_text][vc_column_text css=\u00a0\u00bb\u00a0\u00bb]D\u00e9couvrez le vendeur du XXI\u00e8me si\u00e8cle,<br \/>\nqui \u00e9coute plus qu\u2019il ne parle et utilise<br \/>\nles outils digitaux pour enrichir l\u2019exp\u00e9rience client.[\/vc_column_text][vc_btn title=\u00a0\u00bbACHETER\u00a0\u00bb css=\u00a0\u00bb\u00a0\u00bb link=\u00a0\u00bburl:https%3A%2F%2Fwww.amazon.fr%2Fvendeur-connect%25C3%25A9-Benoit-Mahe%2Fdp%2F2840019418%2Fref%3Dsr_1_1%3F__mk_fr_FR%3D%25C3%2585M%25C3%2585%25C5%25BD%25C3%2595%25C3%2591%26crid%3D3MTAWT9PMZS6C%26keywords%3Dvendeur%2Bconnect%25C3%25A9%26qid%3D1693980469%26sprefix%3Dvendeur%2Bconnect%25C3%25A9%252Caps%252C93%26sr%3D8-1%23customerReviews|target:_blank\u00a0\u00bb el_class=\u00a0\u00bbbtn-dorado\u00a0\u00bb][vc_btn title=\u00a0\u00bbT\u00c9L\u00c9CHARGER UN CHAPITRE GRATUIT\u00a0\u00bb css=\u00a0\u00bb\u00a0\u00bb link=\u00a0\u00bburl:https%3A%2F%2Ficidigital.eu%2Fbenoit-mahe%2Fwp-content%2Fuploads%2F2025%2F08%2FFR-bonnes-feuilles-Vendeur-Connectei.pdf\u00a0\u00bb][\/vc_column][vc_column width=\u00a0\u00bb1\/2&Prime;][vc_single_image image=\u00a0\u00bb676&Prime; img_size=\u00a0\u00bbfull\u00a0\u00bb alignment=\u00a0\u00bbcenter\u00a0\u00bb css=\u00a0\u00bb\u00a0\u00bb][\/vc_column][\/vc_row][\/vc_section][vc_section el_class=\u00a0\u00bbsection-footer\u00a0\u00bb][vc_row row_width=\u00a0\u00bbfullwidth\u00a0\u00bb el_class=\u00a0\u00bbhero-separator\u00a0\u00bb][vc_column][vc_column_text css=\u00a0\u00bb\u00a0\u00bb]<\/p>\n<p style=\"text-align: center;\"><a href=\"https:\/\/benoitmahe.com\/fr\/contact\/\">Contactez-moi<\/a><\/p>\n<p>[\/vc_column_text][\/vc_column][\/vc_row][\/vc_section]<\/p>\n<\/div>","protected":false},"excerpt":{"rendered":"<p>[vc_row row_width=\u00a0\u00bbfullwidth_contained\u00a0\u00bb css=\u00a0\u00bb.vc_custom_1756913574990{background-image: url(https:\/\/benoitmahe.com\/wp-content\/uploads\/2025\/06\/hero-banner-home.jpg?id=194) !important;background-position: center !important;background-repeat: no-repeat !important;background-size: cover !important;}\u00a0\u00bb el_class=\u00a0\u00bbhero-home\u00a0\u00bb][vc_column][vc_row_inner][vc_column_inner][vc_column_text css=\u00a0\u00bb\u00a0\u00bb el_class=\u00a0\u00bbheading\u00a0\u00bb]CR\u00c9ATEUR DU RETAIL COACHING[\/vc_column_text][vc_column_text css=\u00a0\u00bb\u00a0\u00bb] Inspirer les talents \u00c9merveiller les clients Raviver les r\u00e9sultats [\/vc_column_text][vc_column_text css=\u00a0\u00bb\u00a0\u00bb el_class=\u00a0\u00bbsubtitle\u00a0\u00bb]&#8230;au Coeur de la Vente et du Retail[\/vc_column_text][vc_single_image image=\u00a0\u00bb22&Prime; img_size=\u00a0\u00bbfull\u00a0\u00bb onclick=\u00a0\u00bbcustom_link\u00a0\u00bb img_link_target=\u00a0\u00bb_blank\u00a0\u00bb css=\u00a0\u00bb\u00a0\u00bb link=\u00a0\u00bbhttps:\/\/www.youtube.com\/watch?v=YjPcgNeNaXk\u00a0\u00bb][\/vc_column_inner][\/vc_row_inner][vc_row_inner el_class=\u00a0\u00bbhero-lateral\u00a0\u00bb][vc_column_inner offset=\u00a0\u00bbvc_hidden-xs\u00a0\u00bb][vc_single_image image=\u00a0\u00bb422&Prime; img_size=\u00a0\u00bbfull\u00a0\u00bb alignment=\u00a0\u00bbcenter\u00a0\u00bb onclick=\u00a0\u00bbcustom_link\u00a0\u00bb img_link_target=\u00a0\u00bb_blank\u00a0\u00bb css=\u00a0\u00bb\u00a0\u00bb el_class=\u00a0\u00bbgo-top\u00a0\u00bb link=\u00a0\u00bbhttps:\/\/www.linkedin.com\/in\/benoitmaheretailcoaching\/\u00a0\u00bb][vc_single_image image=\u00a0\u00bb425&Prime; img_size=\u00a0\u00bbfull\u00a0\u00bb [&hellip;]<\/p>\n","protected":false},"author":1,"featured_media":0,"parent":0,"menu_order":0,"comment_status":"closed","ping_status":"closed","template":"","meta":{"_acf_changed":false,"inline_featured_image":false,"footnotes":""},"class_list":["post-533","page","type-page","status-publish","hentry"],"acf":[],"yoast_head":"<!-- This site is optimized with the Yoast SEO plugin v25.9 - https:\/\/yoast.com\/wordpress\/plugins\/seo\/ -->\n<title>Home - Benoit Mah\u00e9<\/title>\n<meta name=\"robots\" content=\"index, follow, max-snippet:-1, max-image-preview:large, max-video-preview:-1\" \/>\n<link rel=\"canonical\" href=\"https:\/\/benoitmahe.com\/es\/\" \/>\n<meta property=\"og:locale\" content=\"fr_FR\" \/>\n<meta property=\"og:type\" content=\"article\" \/>\n<meta property=\"og:title\" content=\"Home - Benoit Mah\u00e9\" \/>\n<meta property=\"og:description\" content=\"[vc_row row_width=\u00a0\u00bbfullwidth_contained\u00a0\u00bb css=\u00a0\u00bb.vc_custom_1756913574990{background-image: url(https:\/\/benoitmahe.com\/wp-content\/uploads\/2025\/06\/hero-banner-home.jpg?id=194) !important;background-position: center !important;background-repeat: no-repeat !important;background-size: cover !important;}\u00a0\u00bb el_class=\u00a0\u00bbhero-home\u00a0\u00bb][vc_column][vc_row_inner][vc_column_inner][vc_column_text css=\u00a0\u00bb\u00a0\u00bb el_class=\u00a0\u00bbheading\u00a0\u00bb]CR\u00c9ATEUR DU RETAIL COACHING[\/vc_column_text][vc_column_text css=\u00a0\u00bb\u00a0\u00bb] Inspirer les talents \u00c9merveiller les clients Raviver les r\u00e9sultats [\/vc_column_text][vc_column_text css=\u00a0\u00bb\u00a0\u00bb el_class=\u00a0\u00bbsubtitle\u00a0\u00bb]&#8230;au Coeur de la Vente et du Retail[\/vc_column_text][vc_single_image image=\u00a0\u00bb22&Prime; img_size=\u00a0\u00bbfull\u00a0\u00bb onclick=\u00a0\u00bbcustom_link\u00a0\u00bb img_link_target=\u00a0\u00bb_blank\u00a0\u00bb css=\u00a0\u00bb\u00a0\u00bb link=\u00a0\u00bbhttps:\/\/www.youtube.com\/watch?v=YjPcgNeNaXk\u00a0\u00bb][\/vc_column_inner][\/vc_row_inner][vc_row_inner el_class=\u00a0\u00bbhero-lateral\u00a0\u00bb][vc_column_inner offset=\u00a0\u00bbvc_hidden-xs\u00a0\u00bb][vc_single_image image=\u00a0\u00bb422&Prime; img_size=\u00a0\u00bbfull\u00a0\u00bb alignment=\u00a0\u00bbcenter\u00a0\u00bb onclick=\u00a0\u00bbcustom_link\u00a0\u00bb img_link_target=\u00a0\u00bb_blank\u00a0\u00bb css=\u00a0\u00bb\u00a0\u00bb el_class=\u00a0\u00bbgo-top\u00a0\u00bb link=\u00a0\u00bbhttps:\/\/www.linkedin.com\/in\/benoitmaheretailcoaching\/\u00a0\u00bb][vc_single_image image=\u00a0\u00bb425&Prime; img_size=\u00a0\u00bbfull\u00a0\u00bb [&hellip;]\" \/>\n<meta property=\"og:url\" content=\"https:\/\/benoitmahe.com\/es\/\" \/>\n<meta property=\"og:site_name\" content=\"Benoit Mah\u00e9\" \/>\n<meta property=\"article:modified_time\" content=\"2025-10-09T07:50:51+00:00\" \/>\n<meta name=\"twitter:card\" content=\"summary_large_image\" \/>\n<meta name=\"twitter:label1\" content=\"Dur\u00e9e de lecture estim\u00e9e\" \/>\n\t<meta name=\"twitter:data1\" content=\"2 minutes\" \/>\n<script type=\"application\/ld+json\" class=\"yoast-schema-graph\">{\"@context\":\"https:\/\/schema.org\",\"@graph\":[{\"@type\":\"WebPage\",\"@id\":\"https:\/\/benoitmahe.com\/es\/\",\"url\":\"https:\/\/benoitmahe.com\/es\/\",\"name\":\"Home - Benoit Mah\u00e9\",\"isPartOf\":{\"@id\":\"https:\/\/benoitmahe.com\/#website\"},\"datePublished\":\"2025-06-16T16:08:18+00:00\",\"dateModified\":\"2025-10-09T07:50:51+00:00\",\"breadcrumb\":{\"@id\":\"https:\/\/benoitmahe.com\/es\/#breadcrumb\"},\"inLanguage\":\"fr-FR\",\"potentialAction\":[{\"@type\":\"ReadAction\",\"target\":[\"https:\/\/benoitmahe.com\/es\/\"]}]},{\"@type\":\"BreadcrumbList\",\"@id\":\"https:\/\/benoitmahe.com\/es\/#breadcrumb\",\"itemListElement\":[{\"@type\":\"ListItem\",\"position\":1,\"name\":\"Home\",\"item\":\"https:\/\/benoitmahe.com\/es\/\"},{\"@type\":\"ListItem\",\"position\":2,\"name\":\"Home\"}]},{\"@type\":\"WebSite\",\"@id\":\"https:\/\/benoitmahe.com\/#website\",\"url\":\"https:\/\/benoitmahe.com\/\",\"name\":\"Benoit Mah\u00e9\",\"description\":\"\",\"publisher\":{\"@id\":\"https:\/\/benoitmahe.com\/#organization\"},\"potentialAction\":[{\"@type\":\"SearchAction\",\"target\":{\"@type\":\"EntryPoint\",\"urlTemplate\":\"https:\/\/benoitmahe.com\/?s={search_term_string}\"},\"query-input\":{\"@type\":\"PropertyValueSpecification\",\"valueRequired\":true,\"valueName\":\"search_term_string\"}}],\"inLanguage\":\"fr-FR\"},{\"@type\":\"Organization\",\"@id\":\"https:\/\/benoitmahe.com\/#organization\",\"name\":\"Benoit Mah\u00e9\",\"url\":\"https:\/\/benoitmahe.com\/\",\"logo\":{\"@type\":\"ImageObject\",\"inLanguage\":\"fr-FR\",\"@id\":\"https:\/\/benoitmahe.com\/#\/schema\/logo\/image\/\",\"url\":\"https:\/\/benoitmahe.com\/wp-content\/uploads\/2025\/06\/benoitmahe-logo.svg\",\"contentUrl\":\"https:\/\/benoitmahe.com\/wp-content\/uploads\/2025\/06\/benoitmahe-logo.svg\",\"width\":185,\"height\":37,\"caption\":\"Benoit Mah\u00e9\"},\"image\":{\"@id\":\"https:\/\/benoitmahe.com\/#\/schema\/logo\/image\/\"}}]}<\/script>\n<!-- \/ Yoast SEO plugin. -->","yoast_head_json":{"title":"Home - Benoit Mah\u00e9","robots":{"index":"index","follow":"follow","max-snippet":"max-snippet:-1","max-image-preview":"max-image-preview:large","max-video-preview":"max-video-preview:-1"},"canonical":"https:\/\/benoitmahe.com\/es\/","og_locale":"fr_FR","og_type":"article","og_title":"Home - Benoit Mah\u00e9","og_description":"[vc_row row_width=\u00a0\u00bbfullwidth_contained\u00a0\u00bb css=\u00a0\u00bb.vc_custom_1756913574990{background-image: url(https:\/\/benoitmahe.com\/wp-content\/uploads\/2025\/06\/hero-banner-home.jpg?id=194) !important;background-position: center !important;background-repeat: no-repeat !important;background-size: cover !important;}\u00a0\u00bb el_class=\u00a0\u00bbhero-home\u00a0\u00bb][vc_column][vc_row_inner][vc_column_inner][vc_column_text css=\u00a0\u00bb\u00a0\u00bb el_class=\u00a0\u00bbheading\u00a0\u00bb]CR\u00c9ATEUR DU RETAIL COACHING[\/vc_column_text][vc_column_text css=\u00a0\u00bb\u00a0\u00bb] Inspirer les talents \u00c9merveiller les clients Raviver les r\u00e9sultats [\/vc_column_text][vc_column_text css=\u00a0\u00bb\u00a0\u00bb el_class=\u00a0\u00bbsubtitle\u00a0\u00bb]&#8230;au Coeur de la Vente et du Retail[\/vc_column_text][vc_single_image image=\u00a0\u00bb22&Prime; img_size=\u00a0\u00bbfull\u00a0\u00bb onclick=\u00a0\u00bbcustom_link\u00a0\u00bb img_link_target=\u00a0\u00bb_blank\u00a0\u00bb css=\u00a0\u00bb\u00a0\u00bb link=\u00a0\u00bbhttps:\/\/www.youtube.com\/watch?v=YjPcgNeNaXk\u00a0\u00bb][\/vc_column_inner][\/vc_row_inner][vc_row_inner el_class=\u00a0\u00bbhero-lateral\u00a0\u00bb][vc_column_inner offset=\u00a0\u00bbvc_hidden-xs\u00a0\u00bb][vc_single_image image=\u00a0\u00bb422&Prime; img_size=\u00a0\u00bbfull\u00a0\u00bb alignment=\u00a0\u00bbcenter\u00a0\u00bb onclick=\u00a0\u00bbcustom_link\u00a0\u00bb img_link_target=\u00a0\u00bb_blank\u00a0\u00bb css=\u00a0\u00bb\u00a0\u00bb el_class=\u00a0\u00bbgo-top\u00a0\u00bb link=\u00a0\u00bbhttps:\/\/www.linkedin.com\/in\/benoitmaheretailcoaching\/\u00a0\u00bb][vc_single_image image=\u00a0\u00bb425&Prime; img_size=\u00a0\u00bbfull\u00a0\u00bb [&hellip;]","og_url":"https:\/\/benoitmahe.com\/es\/","og_site_name":"Benoit Mah\u00e9","article_modified_time":"2025-10-09T07:50:51+00:00","twitter_card":"summary_large_image","twitter_misc":{"Dur\u00e9e de lecture estim\u00e9e":"2 minutes"},"schema":{"@context":"https:\/\/schema.org","@graph":[{"@type":"WebPage","@id":"https:\/\/benoitmahe.com\/es\/","url":"https:\/\/benoitmahe.com\/es\/","name":"Home - Benoit Mah\u00e9","isPartOf":{"@id":"https:\/\/benoitmahe.com\/#website"},"datePublished":"2025-06-16T16:08:18+00:00","dateModified":"2025-10-09T07:50:51+00:00","breadcrumb":{"@id":"https:\/\/benoitmahe.com\/es\/#breadcrumb"},"inLanguage":"fr-FR","potentialAction":[{"@type":"ReadAction","target":["https:\/\/benoitmahe.com\/es\/"]}]},{"@type":"BreadcrumbList","@id":"https:\/\/benoitmahe.com\/es\/#breadcrumb","itemListElement":[{"@type":"ListItem","position":1,"name":"Home","item":"https:\/\/benoitmahe.com\/es\/"},{"@type":"ListItem","position":2,"name":"Home"}]},{"@type":"WebSite","@id":"https:\/\/benoitmahe.com\/#website","url":"https:\/\/benoitmahe.com\/","name":"Benoit Mah\u00e9","description":"","publisher":{"@id":"https:\/\/benoitmahe.com\/#organization"},"potentialAction":[{"@type":"SearchAction","target":{"@type":"EntryPoint","urlTemplate":"https:\/\/benoitmahe.com\/?s={search_term_string}"},"query-input":{"@type":"PropertyValueSpecification","valueRequired":true,"valueName":"search_term_string"}}],"inLanguage":"fr-FR"},{"@type":"Organization","@id":"https:\/\/benoitmahe.com\/#organization","name":"Benoit Mah\u00e9","url":"https:\/\/benoitmahe.com\/","logo":{"@type":"ImageObject","inLanguage":"fr-FR","@id":"https:\/\/benoitmahe.com\/#\/schema\/logo\/image\/","url":"https:\/\/benoitmahe.com\/wp-content\/uploads\/2025\/06\/benoitmahe-logo.svg","contentUrl":"https:\/\/benoitmahe.com\/wp-content\/uploads\/2025\/06\/benoitmahe-logo.svg","width":185,"height":37,"caption":"Benoit Mah\u00e9"},"image":{"@id":"https:\/\/benoitmahe.com\/#\/schema\/logo\/image\/"}}]}},"_links":{"self":[{"href":"https:\/\/benoitmahe.com\/fr\/wp-json\/wp\/v2\/pages\/533","targetHints":{"allow":["GET"]}}],"collection":[{"href":"https:\/\/benoitmahe.com\/fr\/wp-json\/wp\/v2\/pages"}],"about":[{"href":"https:\/\/benoitmahe.com\/fr\/wp-json\/wp\/v2\/types\/page"}],"author":[{"embeddable":true,"href":"https:\/\/benoitmahe.com\/fr\/wp-json\/wp\/v2\/users\/1"}],"replies":[{"embeddable":true,"href":"https:\/\/benoitmahe.com\/fr\/wp-json\/wp\/v2\/comments?post=533"}],"version-history":[{"count":21,"href":"https:\/\/benoitmahe.com\/fr\/wp-json\/wp\/v2\/pages\/533\/revisions"}],"predecessor-version":[{"id":892,"href":"https:\/\/benoitmahe.com\/fr\/wp-json\/wp\/v2\/pages\/533\/revisions\/892"}],"wp:attachment":[{"href":"https:\/\/benoitmahe.com\/fr\/wp-json\/wp\/v2\/media?parent=533"}],"curies":[{"name":"wp","href":"https:\/\/api.w.org\/{rel}","templated":true}]}}