{"id":38,"date":"2025-06-26T16:43:14","date_gmt":"2025-06-26T16:43:14","guid":{"rendered":"http:\/\/benoitmahe.local\/?page_id=38"},"modified":"2025-11-14T12:39:27","modified_gmt":"2025-11-14T12:39:27","slug":"clientes","status":"publish","type":"page","link":"https:\/\/benoitmahe.com\/es\/clientes\/","title":{"rendered":"Clientes"},"content":{"rendered":"<div class=\"wpb-content-wrapper\"><p>[vc_section el_class=\u00bbsection-clientes1&#8243;][vc_row row_width=\u00bbfullwidth_contained\u00bb css=\u00bb.vc_custom_1751044918548{background-image: url(https:\/\/icidigital.eu\/benoit-mahe\/wp-content\/uploads\/2025\/06\/background-contact.jpg?id=122) !important;background-position: center !important;background-repeat: no-repeat !important;background-size: cover !important;}\u00bb el_class=\u00bbhas-backround\u00bb][vc_column][vc_row_inner][vc_column_inner width=\u00bb1\/2&#8243;][\/vc_column_inner][vc_column_inner width=\u00bb1\/2&#8243;][\/vc_column_inner][\/vc_row_inner][\/vc_column][\/vc_row][vc_row row_width=\u00bbfullwidth\u00bb el_class=\u00bbhero-separator\u00bb][vc_column][vc_column_text css=\u00bb\u00bb]<\/p>\n<p style=\"text-align: center;\"><a href=\"https:\/\/benoitmahe.com\/es\/contacto\/\">Cont\u00e1ctame<\/a><\/p>\n<p>[\/vc_column_text][\/vc_column][\/vc_row][\/vc_section][vc_section el_class=\u00bbsection-clientes2&#8243;][vc_row][vc_column width=\u00bb1\/3&#8243;][vc_single_image image=\u00bb160&#8243; img_size=\u00bbfull\u00bb css=\u00bb\u00bb][\/vc_column][vc_column width=\u00bb2\/3&#8243;][vc_column_text css=\u00bb\u00bb]<\/p>\n<h2>Benoit Mah\u00e9 interviene tanto para prestigiosas empresas y cadenas de Retail y hosteler\u00eda como para el comercio independiente.<\/h2>\n<p>[\/vc_column_text][vc_column_text css=\u00bb\u00bb]Promueve una experiencia de cliente exquisita gracias a una Experiencia de empleado m\u00e1s humana, cuidada y comprometida mediante KPIs de probada eficacia comercial.[\/vc_column_text][vc_column_text css=\u00bb\u00bb]<strong>\u00a1Los participantes aprenden y aplican lo que \u00e9l dice!<\/strong>[\/vc_column_text][\/vc_column][\/vc_row][\/vc_section][vc_section el_class=\u00bbsection-clientes3&#8243;][vc_row disable_element=\u00bbyes\u00bb][vc_column][vc_single_image image=\u00bb162&#8243; img_size=\u00bbfull\u00bb css=\u00bb\u00bb][vc_column_text css=\u00bb\u00bb]<\/p>\n<h2>Descubre los testimonios<\/h2>\n<p>[\/vc_column_text][vc_column_text css=\u00bb\u00bb]de algunos de los clientes que han implementado el <strong>m\u00e9todo Sales &amp; Retail Coaching<\/strong> en sus empresas.[\/vc_column_text][vc_masonry_grid post_type=\u00bbbenoit-testimonials\u00bb max_items=\u00bb-1&#8243; style=\u00bbload-more\u00bb items_per_page=\u00bb6&#8243; gap=\u00bb20&#8243; item=\u00bb169&#8243; css=\u00bb\u00bb btn_shape=\u00bbsquare\u00bb grid_id=\u00bbvc_gid:1763123285094-92b7a29d-8d19-4&#8243;][\/vc_column][\/vc_row][vc_row][vc_column][vc_single_image image=\u00bb162&#8243; img_size=\u00bbfull\u00bb css=\u00bb\u00bb][vc_column_text css=\u00bb\u00bb]<\/p>\n<h2>Descubre los testimonios<\/h2>\n<p>[\/vc_column_text][vc_column_text css=\u00bb\u00bb]de algunos de los clientes que han implementado el <strong>m\u00e9todo Sales &amp; Retail Coaching<\/strong> en sus empresas.[\/vc_column_text]\n    <div class=\"benoit-testimonials-wrapper\">\n        <div class=\"benoit-testimonials-grid benoit-grid--cols-3\"\n             style=\"--benoit-gap: 30px;\">\n        \n            \n                <article class=\"benoit-testimonial-card js-benoit-zoom-card\">\n\n                                            <div class=\"benoit-testimonial-logo\">\n                            <img decoding=\"async\" src=\"https:\/\/benoitmahe.com\/wp-content\/uploads\/2025\/07\/logo-procos-def-300x300.png\" alt=\"\">\n                        <\/div>\n                    \n                    <h3 class=\"benoit-testimonial-name\">Emmanuel Le Roch<\/h3>\n\n                    \n                                            <p class=\"benoit-testimonial-extra\"> Delegado General PROCOS<\/p>\n                    \n                    <div class=\"benoit-testimonial-text\">\n                        <p>\u00abMuch\u00edsimas gracias Benoit por este webinar apasionante sobre el Retail Coaching! Gracias Benoit as\u00ed como a tu equipos, por lo que hac\u00e9is a favor del retail y de los colaboradores.\u00bb<\/p>\n                    <\/div>\n\n                <\/article>\n\n            \n                <article class=\"benoit-testimonial-card js-benoit-zoom-card\">\n\n                                            <div class=\"benoit-testimonial-logo\">\n                            <img decoding=\"async\" src=\"https:\/\/benoitmahe.com\/wp-content\/uploads\/2025\/06\/louisvuitton.png\" alt=\"\">\n                        <\/div>\n                    \n                    <h3 class=\"benoit-testimonial-name\">Team Manager<\/h3>\n\n                    \n                    \n                    <div class=\"benoit-testimonial-text\">\n                        <p>Millones de gracias por invitarme a la Certificaci\u00f3n de Retail Coaching. Ha sido una oportunidad y una inversi\u00f3n incre\u00edble. Todos los directores deber\u00edan estar aqu\u00ed para que podamos ser la mejor versi\u00f3n de nosotros mismos.<\/p>\n                    <\/div>\n\n                <\/article>\n\n            \n                <article class=\"benoit-testimonial-card js-benoit-zoom-card\">\n\n                                            <div class=\"benoit-testimonial-logo\">\n                            <img decoding=\"async\" src=\"https:\/\/benoitmahe.com\/wp-content\/uploads\/2025\/06\/zara.png\" alt=\"\">\n                        <\/div>\n                    \n                    <h3 class=\"benoit-testimonial-name\">Gracia Martin<\/h3>\n\n                    \n                                            <p class=\"benoit-testimonial-extra\">Directora Flagship Zara<\/p>\n                    \n                    <div class=\"benoit-testimonial-text\">\n                        <p>\u00abLos directores hab\u00edan trabajado con Benoit pero quer\u00edamos transmitir el mensaje a todo el personal. \u00a1Les ha encantado!\u00bb<\/p>\n                    <\/div>\n\n                <\/article>\n\n            \n                <article class=\"benoit-testimonial-card js-benoit-zoom-card\">\n\n                                            <div class=\"benoit-testimonial-logo\">\n                            <img decoding=\"async\" src=\"https:\/\/benoitmahe.com\/wp-content\/uploads\/2025\/06\/loreal.png\" alt=\"\">\n                        <\/div>\n                    \n                    <h3 class=\"benoit-testimonial-name\">Jos\u00e9 Manuel B\u00e9blas<\/h3>\n\n                    \n                                            <p class=\"benoit-testimonial-extra\">L\u2019Oreal Cosm\u00e9tica Activa<\/p>\n                    \n                    <div class=\"benoit-testimonial-text\">\n                        <p>\u201cBenoit va encantando a lo largo de su conferencia; y lo m\u00e1s incre\u00edble, \u00a1los participantes hacen y aplican lo que \u00e9l dice!\u201d<\/p>\n                    <\/div>\n\n                <\/article>\n\n            \n                <article class=\"benoit-testimonial-card js-benoit-zoom-card\">\n\n                                            <div class=\"benoit-testimonial-logo\">\n                            <img decoding=\"async\" src=\"https:\/\/benoitmahe.com\/wp-content\/uploads\/2025\/06\/logo-sabadell-300x300.png\" alt=\"\">\n                        <\/div>\n                    \n                    <h3 class=\"benoit-testimonial-name\">Director Regional<\/h3>\n\n                    \n                                            <p class=\"benoit-testimonial-extra\">Banco de Sabadell<\/p>\n                    \n                    <div class=\"benoit-testimonial-text\">\n                        <p>\u201cQuisimos regalar a nuestros respectivos profesionales del comercio una conferencia del m\u00e1s alto nivel para impulsar la eficacia comercial de sus negocios, hosteler\u00eda, tiendas&#8230; Se llen\u00f3 el anfiteatro y repetiresmo el a\u00f1o que viene porque los asistentes quedaron impactados y emocionados.\u201d<\/p>\n                    <\/div>\n\n                <\/article>\n\n            \n                <article class=\"benoit-testimonial-card js-benoit-zoom-card\">\n\n                                            <div class=\"benoit-testimonial-logo\">\n                            <img decoding=\"async\" src=\"https:\/\/benoitmahe.com\/wp-content\/uploads\/2025\/06\/logo-hackett-1-300x300.png\" alt=\"\">\n                        <\/div>\n                    \n                    <h3 class=\"benoit-testimonial-name\">Dan Slater<\/h3>\n\n                    \n                                            <p class=\"benoit-testimonial-extra\">Director Comercial Hacket, London.<\/p>\n                    \n                    <div class=\"benoit-testimonial-text\">\n                        <p>\u201cA nuestros gerentes de tienda les encant\u00f3 esta conferencia, muy inspiradora y pr\u00e1ctica.\u201d<\/p>\n                    <\/div>\n\n                <\/article>\n\n            \n                <article class=\"benoit-testimonial-card js-benoit-zoom-card\">\n\n                                            <div class=\"benoit-testimonial-logo\">\n                            <img decoding=\"async\" src=\"https:\/\/benoitmahe.com\/wp-content\/uploads\/2025\/06\/palacio-hierro-300x300.png\" alt=\"\">\n                        <\/div>\n                    \n                    <h3 class=\"benoit-testimonial-name\">Enrique Mendoza<\/h3>\n\n                    \n                                            <p class=\"benoit-testimonial-extra\">Director Recursos Humanos<\/p>\n                    \n                    <div class=\"benoit-testimonial-text\">\n                        <p>\u201cBenoit motiva porque habla el lenguaje justo de las tiendas. Mezcla su cultura francesa con su calor latino. \u00a1Un espect\u00e1culo!\u201d<\/p>\n                    <\/div>\n\n                <\/article>\n\n            \n        <\/div>\n\n                    <div class=\"benoit-load-more-wrapper\">\n                <button \n                    class=\"benoit-load-more-btn\"\n                    data-perpage=\"6\">\n                    CARGAR M\u00c1S                <\/button>\n            <\/div>\n            <\/div>\n\n    [\/vc_column][\/vc_row][\/vc_section][vc_section el_class=\u00bbsection-footer\u00bb][vc_row row_width=\u00bbfullwidth\u00bb el_class=\u00bbhero-separator\u00bb][vc_column][vc_column_text css=\u00bb\u00bb]<\/p>\n<p style=\"text-align: center;\"><a href=\"https:\/\/benoitmahe.com\/es\/contacto\/\">Cont\u00e1ctame<\/a><\/p>\n<p>[\/vc_column_text][\/vc_column][\/vc_row][\/vc_section]<\/p>\n<\/div>","protected":false},"excerpt":{"rendered":"<p>[vc_section el_class=\u00bbsection-clientes1&#8243;][vc_row row_width=\u00bbfullwidth_contained\u00bb css=\u00bb.vc_custom_1751044918548{background-image: url(https:\/\/icidigital.eu\/benoit-mahe\/wp-content\/uploads\/2025\/06\/background-contact.jpg?id=122) !important;background-position: center !important;background-repeat: no-repeat !important;background-size: cover !important;}\u00bb el_class=\u00bbhas-backround\u00bb][vc_column][vc_row_inner][vc_column_inner width=\u00bb1\/2&#8243;][\/vc_column_inner][vc_column_inner width=\u00bb1\/2&#8243;][\/vc_column_inner][\/vc_row_inner][\/vc_column][\/vc_row][vc_row row_width=\u00bbfullwidth\u00bb el_class=\u00bbhero-separator\u00bb][vc_column][vc_column_text css=\u00bb\u00bb] Cont\u00e1ctame [\/vc_column_text][\/vc_column][\/vc_row][\/vc_section][vc_section el_class=\u00bbsection-clientes2&#8243;][vc_row][vc_column width=\u00bb1\/3&#8243;][vc_single_image image=\u00bb160&#8243; img_size=\u00bbfull\u00bb css=\u00bb\u00bb][\/vc_column][vc_column width=\u00bb2\/3&#8243;][vc_column_text css=\u00bb\u00bb] Benoit Mah\u00e9 interviene tanto para prestigiosas empresas y cadenas de Retail y hosteler\u00eda como para el comercio independiente. [\/vc_column_text][vc_column_text css=\u00bb\u00bb]Promueve una experiencia de cliente exquisita gracias a una [&hellip;]<\/p>\n","protected":false},"author":1,"featured_media":0,"parent":0,"menu_order":0,"comment_status":"closed","ping_status":"closed","template":"","meta":{"_acf_changed":false,"inline_featured_image":false,"footnotes":""},"class_list":["post-38","page","type-page","status-publish","hentry"],"acf":[],"yoast_head":"<!-- This site is optimized with the Yoast SEO plugin v25.9 - https:\/\/yoast.com\/wordpress\/plugins\/seo\/ -->\n<title>Clientes - Benoit Mah\u00e9<\/title>\n<meta name=\"robots\" content=\"index, follow, max-snippet:-1, max-image-preview:large, max-video-preview:-1\" \/>\n<link rel=\"canonical\" href=\"https:\/\/benoitmahe.com\/es\/clientes\/\" \/>\n<meta property=\"og:locale\" content=\"es_ES\" \/>\n<meta property=\"og:type\" content=\"article\" \/>\n<meta property=\"og:title\" content=\"Clientes - Benoit Mah\u00e9\" \/>\n<meta property=\"og:description\" content=\"[vc_section el_class=\u00bbsection-clientes1&#8243;][vc_row row_width=\u00bbfullwidth_contained\u00bb css=\u00bb.vc_custom_1751044918548{background-image: url(https:\/\/icidigital.eu\/benoit-mahe\/wp-content\/uploads\/2025\/06\/background-contact.jpg?id=122) !important;background-position: center !important;background-repeat: no-repeat !important;background-size: cover !important;}\u00bb el_class=\u00bbhas-backround\u00bb][vc_column][vc_row_inner][vc_column_inner width=\u00bb1\/2&#8243;][\/vc_column_inner][vc_column_inner width=\u00bb1\/2&#8243;][\/vc_column_inner][\/vc_row_inner][\/vc_column][\/vc_row][vc_row row_width=\u00bbfullwidth\u00bb el_class=\u00bbhero-separator\u00bb][vc_column][vc_column_text css=\u00bb\u00bb] Cont\u00e1ctame [\/vc_column_text][\/vc_column][\/vc_row][\/vc_section][vc_section el_class=\u00bbsection-clientes2&#8243;][vc_row][vc_column width=\u00bb1\/3&#8243;][vc_single_image image=\u00bb160&#8243; img_size=\u00bbfull\u00bb css=\u00bb\u00bb][\/vc_column][vc_column width=\u00bb2\/3&#8243;][vc_column_text css=\u00bb\u00bb] Benoit Mah\u00e9 interviene tanto para prestigiosas empresas y cadenas de Retail y hosteler\u00eda como para el comercio independiente. [\/vc_column_text][vc_column_text css=\u00bb\u00bb]Promueve una experiencia de cliente exquisita gracias a una [&hellip;]\" \/>\n<meta property=\"og:url\" content=\"https:\/\/benoitmahe.com\/es\/clientes\/\" \/>\n<meta property=\"og:site_name\" content=\"Benoit Mah\u00e9\" \/>\n<meta property=\"article:modified_time\" content=\"2025-11-14T12:39:27+00:00\" \/>\n<meta name=\"twitter:card\" content=\"summary_large_image\" \/>\n<meta name=\"twitter:label1\" content=\"Tiempo de lectura\" \/>\n\t<meta name=\"twitter:data1\" content=\"2 minutos\" \/>\n<script type=\"application\/ld+json\" class=\"yoast-schema-graph\">{\"@context\":\"https:\/\/schema.org\",\"@graph\":[{\"@type\":\"WebPage\",\"@id\":\"https:\/\/benoitmahe.com\/es\/clientes\/\",\"url\":\"https:\/\/benoitmahe.com\/es\/clientes\/\",\"name\":\"Clientes - Benoit Mah\u00e9\",\"isPartOf\":{\"@id\":\"https:\/\/benoitmahe.com\/#website\"},\"datePublished\":\"2025-06-26T16:43:14+00:00\",\"dateModified\":\"2025-11-14T12:39:27+00:00\",\"breadcrumb\":{\"@id\":\"https:\/\/benoitmahe.com\/es\/clientes\/#breadcrumb\"},\"inLanguage\":\"es\",\"potentialAction\":[{\"@type\":\"ReadAction\",\"target\":[\"https:\/\/benoitmahe.com\/es\/clientes\/\"]}]},{\"@type\":\"BreadcrumbList\",\"@id\":\"https:\/\/benoitmahe.com\/es\/clientes\/#breadcrumb\",\"itemListElement\":[{\"@type\":\"ListItem\",\"position\":1,\"name\":\"Home\",\"item\":\"https:\/\/benoitmahe.com\/es\/\"},{\"@type\":\"ListItem\",\"position\":2,\"name\":\"Clientes\"}]},{\"@type\":\"WebSite\",\"@id\":\"https:\/\/benoitmahe.com\/#website\",\"url\":\"https:\/\/benoitmahe.com\/\",\"name\":\"Benoit Mah\u00e9\",\"description\":\"\",\"publisher\":{\"@id\":\"https:\/\/benoitmahe.com\/#organization\"},\"potentialAction\":[{\"@type\":\"SearchAction\",\"target\":{\"@type\":\"EntryPoint\",\"urlTemplate\":\"https:\/\/benoitmahe.com\/?s={search_term_string}\"},\"query-input\":{\"@type\":\"PropertyValueSpecification\",\"valueRequired\":true,\"valueName\":\"search_term_string\"}}],\"inLanguage\":\"es\"},{\"@type\":\"Organization\",\"@id\":\"https:\/\/benoitmahe.com\/#organization\",\"name\":\"Benoit Mah\u00e9\",\"url\":\"https:\/\/benoitmahe.com\/\",\"logo\":{\"@type\":\"ImageObject\",\"inLanguage\":\"es\",\"@id\":\"https:\/\/benoitmahe.com\/#\/schema\/logo\/image\/\",\"url\":\"https:\/\/benoitmahe.com\/wp-content\/uploads\/2025\/06\/benoitmahe-logo.svg\",\"contentUrl\":\"https:\/\/benoitmahe.com\/wp-content\/uploads\/2025\/06\/benoitmahe-logo.svg\",\"width\":185,\"height\":37,\"caption\":\"Benoit Mah\u00e9\"},\"image\":{\"@id\":\"https:\/\/benoitmahe.com\/#\/schema\/logo\/image\/\"}}]}<\/script>\n<!-- \/ Yoast SEO plugin. -->","yoast_head_json":{"title":"Clientes - Benoit Mah\u00e9","robots":{"index":"index","follow":"follow","max-snippet":"max-snippet:-1","max-image-preview":"max-image-preview:large","max-video-preview":"max-video-preview:-1"},"canonical":"https:\/\/benoitmahe.com\/es\/clientes\/","og_locale":"es_ES","og_type":"article","og_title":"Clientes - Benoit Mah\u00e9","og_description":"[vc_section el_class=\u00bbsection-clientes1&#8243;][vc_row row_width=\u00bbfullwidth_contained\u00bb css=\u00bb.vc_custom_1751044918548{background-image: url(https:\/\/icidigital.eu\/benoit-mahe\/wp-content\/uploads\/2025\/06\/background-contact.jpg?id=122) !important;background-position: center !important;background-repeat: no-repeat !important;background-size: cover !important;}\u00bb el_class=\u00bbhas-backround\u00bb][vc_column][vc_row_inner][vc_column_inner width=\u00bb1\/2&#8243;][\/vc_column_inner][vc_column_inner width=\u00bb1\/2&#8243;][\/vc_column_inner][\/vc_row_inner][\/vc_column][\/vc_row][vc_row row_width=\u00bbfullwidth\u00bb el_class=\u00bbhero-separator\u00bb][vc_column][vc_column_text css=\u00bb\u00bb] Cont\u00e1ctame [\/vc_column_text][\/vc_column][\/vc_row][\/vc_section][vc_section el_class=\u00bbsection-clientes2&#8243;][vc_row][vc_column width=\u00bb1\/3&#8243;][vc_single_image image=\u00bb160&#8243; img_size=\u00bbfull\u00bb css=\u00bb\u00bb][\/vc_column][vc_column width=\u00bb2\/3&#8243;][vc_column_text css=\u00bb\u00bb] Benoit Mah\u00e9 interviene tanto para prestigiosas empresas y cadenas de Retail y hosteler\u00eda como para el comercio independiente. [\/vc_column_text][vc_column_text css=\u00bb\u00bb]Promueve una experiencia de cliente exquisita gracias a una [&hellip;]","og_url":"https:\/\/benoitmahe.com\/es\/clientes\/","og_site_name":"Benoit Mah\u00e9","article_modified_time":"2025-11-14T12:39:27+00:00","twitter_card":"summary_large_image","twitter_misc":{"Tiempo de lectura":"2 minutos"},"schema":{"@context":"https:\/\/schema.org","@graph":[{"@type":"WebPage","@id":"https:\/\/benoitmahe.com\/es\/clientes\/","url":"https:\/\/benoitmahe.com\/es\/clientes\/","name":"Clientes - Benoit Mah\u00e9","isPartOf":{"@id":"https:\/\/benoitmahe.com\/#website"},"datePublished":"2025-06-26T16:43:14+00:00","dateModified":"2025-11-14T12:39:27+00:00","breadcrumb":{"@id":"https:\/\/benoitmahe.com\/es\/clientes\/#breadcrumb"},"inLanguage":"es","potentialAction":[{"@type":"ReadAction","target":["https:\/\/benoitmahe.com\/es\/clientes\/"]}]},{"@type":"BreadcrumbList","@id":"https:\/\/benoitmahe.com\/es\/clientes\/#breadcrumb","itemListElement":[{"@type":"ListItem","position":1,"name":"Home","item":"https:\/\/benoitmahe.com\/es\/"},{"@type":"ListItem","position":2,"name":"Clientes"}]},{"@type":"WebSite","@id":"https:\/\/benoitmahe.com\/#website","url":"https:\/\/benoitmahe.com\/","name":"Benoit Mah\u00e9","description":"","publisher":{"@id":"https:\/\/benoitmahe.com\/#organization"},"potentialAction":[{"@type":"SearchAction","target":{"@type":"EntryPoint","urlTemplate":"https:\/\/benoitmahe.com\/?s={search_term_string}"},"query-input":{"@type":"PropertyValueSpecification","valueRequired":true,"valueName":"search_term_string"}}],"inLanguage":"es"},{"@type":"Organization","@id":"https:\/\/benoitmahe.com\/#organization","name":"Benoit Mah\u00e9","url":"https:\/\/benoitmahe.com\/","logo":{"@type":"ImageObject","inLanguage":"es","@id":"https:\/\/benoitmahe.com\/#\/schema\/logo\/image\/","url":"https:\/\/benoitmahe.com\/wp-content\/uploads\/2025\/06\/benoitmahe-logo.svg","contentUrl":"https:\/\/benoitmahe.com\/wp-content\/uploads\/2025\/06\/benoitmahe-logo.svg","width":185,"height":37,"caption":"Benoit Mah\u00e9"},"image":{"@id":"https:\/\/benoitmahe.com\/#\/schema\/logo\/image\/"}}]}},"_links":{"self":[{"href":"https:\/\/benoitmahe.com\/es\/wp-json\/wp\/v2\/pages\/38","targetHints":{"allow":["GET"]}}],"collection":[{"href":"https:\/\/benoitmahe.com\/es\/wp-json\/wp\/v2\/pages"}],"about":[{"href":"https:\/\/benoitmahe.com\/es\/wp-json\/wp\/v2\/types\/page"}],"author":[{"embeddable":true,"href":"https:\/\/benoitmahe.com\/es\/wp-json\/wp\/v2\/users\/1"}],"replies":[{"embeddable":true,"href":"https:\/\/benoitmahe.com\/es\/wp-json\/wp\/v2\/comments?post=38"}],"version-history":[{"count":37,"href":"https:\/\/benoitmahe.com\/es\/wp-json\/wp\/v2\/pages\/38\/revisions"}],"predecessor-version":[{"id":1217,"href":"https:\/\/benoitmahe.com\/es\/wp-json\/wp\/v2\/pages\/38\/revisions\/1217"}],"wp:attachment":[{"href":"https:\/\/benoitmahe.com\/es\/wp-json\/wp\/v2\/media?parent=38"}],"curies":[{"name":"wp","href":"https:\/\/api.w.org\/{rel}","templated":true}]}}